{"id":3018,"date":"2023-07-11T16:24:54","date_gmt":"2023-07-11T09:24:54","guid":{"rendered":"https:\/\/firstkey.123websitedev.com\/?page_id=3018"},"modified":"2023-07-13T14:45:53","modified_gmt":"2023-07-13T07:45:53","slug":"ve-chung-toi","status":"publish","type":"page","link":"https:\/\/firstkey.vn\/en\/ve-chung-toi\/","title":{"rendered":"V\u1ec1 ch\u00fang t\u00f4i"},"content":{"rendered":"<div data-elementor-type=\"wp-page\" data-elementor-id=\"3018\" class=\"elementor elementor-3018\" data-elementor-post-type=\"page\">\n\t\t\t\t\t\t\t<div class=\"elementor-element elementor-element-cbcebda e-flex e-con-boxed e-con\" data-id=\"cbcebda\" data-element_type=\"container\" data-settings=\"{&quot;background_background&quot;:&quot;classic&quot;,&quot;content_width&quot;:&quot;boxed&quot;}\">\n\t\t\t\t\t<div class=\"e-con-inner\">\n\t\t\t\t<div class=\"elementor-element elementor-element-17a02d4 elementor-align-center elementor-widget elementor-widget-breadcrumbs\" data-id=\"17a02d4\" data-element_type=\"widget\" data-widget_type=\"breadcrumbs.default\">\n\t\t\t\t<div class=\"elementor-widget-container\">\n\t\t\t<link rel=\"stylesheet\" href=\"https:\/\/firstkey.vn\/wp-content\/plugins\/elementor-pro\/assets\/css\/widget-theme-elements.min.css\"><p id=\"breadcrumbs\"><span><span><a href=\"https:\/\/firstkey.vn\/en\/\">Trang ch\u1ee7<\/a><\/span><\/p>\t\t<\/div>\n\t\t\t\t<\/div>\n\t\t\t\t\t<\/div>\n\t\t\t\t<\/div>\n\t\t<div class=\"elementor-element elementor-element-1d6500b elementor-hidden-desktop elementor-hidden-tablet elementor-hidden-mobile e-flex e-con-boxed e-con\" data-id=\"1d6500b\" data-element_type=\"container\" data-settings=\"{&quot;content_width&quot;:&quot;boxed&quot;}\">\n\t\t\t\t\t<div class=\"e-con-inner\">\n\t\t<div class=\"elementor-element elementor-element-a98c449 e-con-full e-flex e-con\" data-id=\"a98c449\" data-element_type=\"container\" data-settings=\"{&quot;content_width&quot;:&quot;full&quot;}\">\n\t\t\t\t<div class=\"elementor-element elementor-element-584f537 elementor-widget elementor-widget-heading\" data-id=\"584f537\" data-element_type=\"widget\" data-widget_type=\"heading.default\">\n\t\t\t\t<div class=\"elementor-widget-container\">\n\t\t\t<style>\/*! elementor - v3.14.0 - 18-06-2023 *\/\n.elementor-heading-title{padding:0;margin:0;line-height:1}.elementor-widget-heading .elementor-heading-title[class*=elementor-size-]>a{color:inherit;font-size:inherit;line-height:inherit}.elementor-widget-heading .elementor-heading-title.elementor-size-small{font-size:15px}.elementor-widget-heading .elementor-heading-title.elementor-size-medium{font-size:19px}.elementor-widget-heading .elementor-heading-title.elementor-size-large{font-size:29px}.elementor-widget-heading .elementor-heading-title.elementor-size-xl{font-size:39px}.elementor-widget-heading .elementor-heading-title.elementor-size-xxl{font-size:59px}<\/style><h2 class=\"elementor-heading-title elementor-size-default\">K\u00ednh Th\u01b0a: Qu\u00fd Kh\u00e1ch h\u00e0ng\n\n<\/h2>\t\t<\/div>\n\t\t\t\t<\/div>\n\t\t<div class=\"elementor-element elementor-element-651dbef e-flex e-con-boxed e-con\" data-id=\"651dbef\" data-element_type=\"container\" data-settings=\"{&quot;content_width&quot;:&quot;boxed&quot;}\">\n\t\t\t\t\t<div class=\"e-con-inner\">\n\t\t\t\t<div class=\"elementor-element elementor-element-a81632b elementor-widget__width-initial elementor-widget-tablet__width-initial elementor-widget elementor-widget-text-editor\" data-id=\"a81632b\" data-element_type=\"widget\" data-widget_type=\"text-editor.default\">\n\t\t\t\t<div class=\"elementor-widget-container\">\n\t\t\t<style>\/*! elementor - v3.14.0 - 18-06-2023 *\/\n.elementor-widget-text-editor.elementor-drop-cap-view-stacked .elementor-drop-cap{background-color:#69727d;color:#fff}.elementor-widget-text-editor.elementor-drop-cap-view-framed .elementor-drop-cap{color:#69727d;border:3px solid;background-color:transparent}.elementor-widget-text-editor:not(.elementor-drop-cap-view-default) .elementor-drop-cap{margin-top:8px}.elementor-widget-text-editor:not(.elementor-drop-cap-view-default) .elementor-drop-cap-letter{width:1em;height:1em}.elementor-widget-text-editor .elementor-drop-cap{float:left;text-align:center;line-height:1;font-size:50px}.elementor-widget-text-editor .elementor-drop-cap-letter{display:inline-block}<\/style>\t\t\t\t<p><em style=\"text-align: justify;\">L\u1eddi \u0111\u1ea7u ti\u00ean <b>C\u00f4ng ty TNHH First Key<\/b> xin g\u1eedi \u0111\u1ebfn Qu\u00fd kh\u00e1ch h\u00e0ng l\u1eddi ch\u00e0o tr\u00e2n tr\u1ecdng, l\u1eddi ch\u00fac s\u1ee9c kh\u1ecfe v\u00e0 th\u00e0nh \u0111\u1ea1t.<\/em><\/p><p><em><b>C\u00f4ng ty TNHH First Key (FKC) <\/b>l\u00e0 Doanh nghi\u1ec7p chuy\u00ean cung c\u1ea5p thi\u1ebft b\u1ecb C\u00f4ng ngh\u1ec7 th\u00f4ng tin (CNTT);d\u1ecbch v\u1ee5 v\u00e0 t\u01b0 v\u1ea5n.<\/em><br \/><em>V\u1edbi xu th\u1ebf to\u00e0n c\u1ea7u h\u00f3a, CNTT \u0111\u00f3ng vai tr\u00f2 quan tr\u1ecdng trong s\u1ef1 ph\u00e1t tri\u1ec3n c\u1ee7a x\u00e3 h\u1ed9i, l\u00e0 c\u1ea7u n\u1ed1i trao \u0111\u1ed5i gi\u1eefa c\u00e1c th\u00e0nh ph\u1ea7n c\u1ee7a x\u00e3 h\u1ed9i v\u00e0 \u0111\u00e3 tr\u1edf th\u00e0nh nh\u00e2n t\u1ed1 quan tr\u1ecdng trong ho\u1ea1t \u0111\u1ed9ng s\u1ea3n xu\u1ea5t kinh doanh, b\u00e1n h\u00e0ng, x\u00fac ti\u1ebfn th\u01b0\u01a1ng m\u1ea1i, qu\u1ea3n tr\u1ecb doanh nghi\u1ec7p. Vi\u1ec7c \u1ee9ng d\u1ee5ng CNTT v\u00e0o qu\u00e1 tr\u00ecnh t\u1ef1 \u0111\u1ed9ng h\u00f3a trong s\u1ea3n xu\u1ea5t kinh doanh, qu\u1ea3n l\u00fd h\u00e0nh ch\u00ednh c\u00f3 vai tr\u00f2 r\u1ea5t l\u1edbn v\u00e0 l\u00e0 \u0111\u1ed9ng l\u1ef1c th\u00fac \u0111\u1ea9y t\u0103ng tr\u01b0\u1edfng n\u1ec1n kinh t\u1ebf.<\/em><\/p>\t\t\t\t\t\t<\/div>\n\t\t\t\t<\/div>\n\t\t\t\t<div class=\"elementor-element elementor-element-3c6e185 elementor-widget__width-initial elementor-widget elementor-widget-text-editor\" data-id=\"3c6e185\" data-element_type=\"widget\" data-widget_type=\"text-editor.default\">\n\t\t\t\t<div class=\"elementor-widget-container\">\n\t\t\t\t\t\t\t<em style=\"text-align: justify;\">V\u1edbi ti\u1ec1m n\u0103ng quan tr\u1ecdng c\u1ee7a l\u0129nh v\u1ef1c CNTT, ch\u00fang t\u00f4i \u0111\u1ecbnh h\u01b0\u1edbng b\u1ec1n v\u1eefng l\u0129nh v\u1ef1c CNTT, mang s\u1ef1 \u0111am m\u00ea, t\u00e2m huy\u1ebft v\u00e0 kh\u00e1t v\u1ecdng c\u1ed1ng hi\u1ebfn tr\u00ed tu\u1ec7 nh\u00e2n t\u1ea1o ti\u1ebfp b\u01b0\u1edbc ph\u00e1t tri\u1ec3n x\u00e3 h\u1ed9i. <b>First Key<\/b> \u0111\u01b0\u1ee3c ra \u0111\u1eddi tr\u00ean s\u1ef1 quy t\u1ee5 c\u00e1c Th\u00e0nh vi\u00ean s\u00e1ng l\u1eadp v\u00e0 \u0111\u1ed9i ng\u0169 CBNV h\u01a1n 20 n\u0103m kinh nghi\u1ec7m \u0111\u01b0\u1ee3c t\u00edch l\u0169y t\u1eeb nh\u1eefng n\u0103m \u0111\u1ea7u khi Vi\u1ec7t Nam b\u01b0\u1edbc v\u00e0o n\u1ec1n kinh t\u1ebf h\u1ed9i nh\u1eadp \u0111\u1ebfn nay trong nhi\u1ec1u l\u0129nh v\u1ef1c CNTT, T\u00e0i ch\u00ednh, S\u1ea3n xu\u1ea5t, Th\u01b0\u01a1ng m\u1ea1i v\u00e0 D\u1ecbch v\u1ee5.<\/em>\n\n<em>S\u1ee9 m\u1ec7nh c\u1ee7a ch\u00fang t\u00f4i l\u00e0 \u0111\u1ed3ng h\u00e0nh c\u00f9ng doanh nghi\u1ec7p trong th\u1eddi \u0111\u1ea1i c\u00f4ng ngh\u1ec7 h\u00f3a, \u0111\u01b0a \u1ee9ng d\u1ee5ng c\u00f4ng ngh\u1ec7 v\u00e0o ho\u1ea1t \u0111\u1ed9ng doanh nghi\u1ec7p, \u0111\u1ed3ng th\u1eddi th\u1ef1c hi\u1ec7n t\u01b0 v\u1ea5n doanh nghi\u1ec7p c\u00f9ng v\u1edbi \u0111\u1ed9i ng\u0169 th\u00e2m ni\u00ean \u0111i\u1ec1u h\u00e0nh \u0111a l\u0129nh v\u1ef1c. Ch\u00fang t\u00f4i s\u1ebd t\u1eebng b\u01b0\u1edbc c\u1ea3i ti\u1ebfn, n\u00e2ng c\u1ea5p theo s\u1ef1 ph\u00e1t tri\u1ec3n c\u1ee7a doanh nghi\u1ec7p nh\u1eb1m t\u0103ng hi\u1ec7u qu\u1ea3 qu\u1ea3n l\u00fd trong ho\u1ea1t \u0111\u1ed9ng v\u1eadn h\u00e0nh v\u00e0 \u0111\u00e1p \u1ee9ng t\u1ed1t nh\u1ea5t nhu c\u1ea7u c\u1ee7a kh\u00e1ch h\u00e0ng, n\u00e2ng cao gi\u00e1 tr\u1ecb doanh nghi\u1ec7p.<\/em>\t\t\t\t\t\t<\/div>\n\t\t\t\t<\/div>\n\t\t\t\t<div class=\"elementor-element elementor-element-1b921dd elementor-widget elementor-widget-text-editor\" data-id=\"1b921dd\" data-element_type=\"widget\" data-widget_type=\"text-editor.default\">\n\t\t\t\t<div class=\"elementor-widget-container\">\n\t\t\t\t\t\t\t<em>Ch\u00e2n th\u00e0nh c\u1ea3m \u01a1n, r\u1ea5t mong nh\u1eadn \u0111\u01b0\u1ee3c s\u1ef1 quan t\u00e2m h\u1ee3p t\u00e1c c\u1ee7a Qu\u00fd Kh\u00e1ch h\u00e0ng.<\/em>\n\n<img loading=\"lazy\" decoding=\"async\" class=\"alignnone wp-image-2780 size-full\" src=\"http:\/\/firstkey.vn\/wp-content\/uploads\/2023\/07\/about-2.jpg\" alt=\"\" width=\"831\" height=\"464\" srcset=\"https:\/\/firstkey.vn\/wp-content\/uploads\/2023\/07\/about-2.jpg 831w, https:\/\/firstkey.vn\/wp-content\/uploads\/2023\/07\/about-2-300x168.jpg 300w, https:\/\/firstkey.vn\/wp-content\/uploads\/2023\/07\/about-2-768x429.jpg 768w, https:\/\/firstkey.vn\/wp-content\/uploads\/2023\/07\/about-2-18x10.jpg 18w\" sizes=\"auto, (max-width: 831px) 100vw, 831px\" \/>\n\n<strong>Tr\u00e2n tr\u1ecdng.<\/strong>\t\t\t\t\t\t<\/div>\n\t\t\t\t<\/div>\n\t\t\t\t\t<\/div>\n\t\t\t\t<\/div>\n\t\t\t\t<\/div>\n\t\t\t\t\t<\/div>\n\t\t\t\t<\/div>\n\t\t<div class=\"elementor-element elementor-element-4c750f8 e-con-full elementor-hidden-desktop elementor-hidden-tablet elementor-hidden-mobile e-flex e-con\" data-id=\"4c750f8\" data-element_type=\"container\" data-settings=\"{&quot;content_width&quot;:&quot;full&quot;}\">\n\t\t\t\t<div class=\"elementor-element elementor-element-9bd2930 elementor-widget elementor-widget-image-carousel\" data-id=\"9bd2930\" data-element_type=\"widget\" data-settings=\"{&quot;slides_to_show&quot;:&quot;4&quot;,&quot;navigation&quot;:&quot;none&quot;,&quot;autoplay&quot;:&quot;yes&quot;,&quot;pause_on_hover&quot;:&quot;yes&quot;,&quot;pause_on_interaction&quot;:&quot;yes&quot;,&quot;autoplay_speed&quot;:5000,&quot;infinite&quot;:&quot;yes&quot;,&quot;speed&quot;:500}\" data-widget_type=\"image-carousel.default\">\n\t\t\t\t<div class=\"elementor-widget-container\">\n\t\t\t<style>\/*! elementor - v3.14.0 - 18-06-2023 *\/\n.elementor-widget-image-carousel .swiper,.elementor-widget-image-carousel .swiper-container{position:static}.elementor-widget-image-carousel .swiper-container .swiper-slide figure,.elementor-widget-image-carousel .swiper .swiper-slide figure{line-height:inherit}.elementor-widget-image-carousel .swiper-slide{text-align:center}.elementor-image-carousel-wrapper:not(.swiper-container-initialized):not(.swiper-initialized) .swiper-slide{max-width:calc(100% \/ var(--e-image-carousel-slides-to-show, 3))}<\/style>\t\t<div class=\"elementor-image-carousel-wrapper swiper-container\" dir=\"ltr\">\n\t\t\t<div class=\"elementor-image-carousel swiper-wrapper swiper-image-stretch\" aria-live=\"off\">\n\t\t\t\t\t\t\t\t<div class=\"swiper-slide\" role=\"group\" aria-roledescription=\"slide\" aria-label=\"1 of 4\"><a data-elementor-open-lightbox=\"yes\" data-elementor-lightbox-slideshow=\"9bd2930\" data-elementor-lightbox-title=\"about-3\" data-e-action-hash=\"#elementor-action%3Aaction%3Dlightbox%26settings%3DeyJpZCI6Mjc4NCwidXJsIjoiaHR0cHM6XC9cL2ZpcnN0a2V5LnZuXC93cC1jb250ZW50XC91cGxvYWRzXC8yMDIzXC8wN1wvYWJvdXQtMy5qcGciLCJzbGlkZXNob3ciOiI5YmQyOTMwIn0%3D\" href=\"https:\/\/firstkey.vn\/wp-content\/uploads\/2023\/07\/about-3.jpg\"><figure class=\"swiper-slide-inner\"><img decoding=\"async\" class=\"swiper-slide-image\" src=\"https:\/\/firstkey.vn\/wp-content\/uploads\/2023\/07\/about-3.jpg\" alt=\"about-3\" \/><\/figure><\/a><\/div><div class=\"swiper-slide\" role=\"group\" aria-roledescription=\"slide\" aria-label=\"2 of 4\"><a data-elementor-open-lightbox=\"yes\" data-elementor-lightbox-slideshow=\"9bd2930\" data-elementor-lightbox-title=\"about-4\" data-e-action-hash=\"#elementor-action%3Aaction%3Dlightbox%26settings%3DeyJpZCI6Mjc4MywidXJsIjoiaHR0cHM6XC9cL2ZpcnN0a2V5LnZuXC93cC1jb250ZW50XC91cGxvYWRzXC8yMDIzXC8wN1wvYWJvdXQtNC5qcGciLCJzbGlkZXNob3ciOiI5YmQyOTMwIn0%3D\" href=\"https:\/\/firstkey.vn\/wp-content\/uploads\/2023\/07\/about-4.jpg\"><figure class=\"swiper-slide-inner\"><img decoding=\"async\" class=\"swiper-slide-image\" src=\"https:\/\/firstkey.vn\/wp-content\/uploads\/2023\/07\/about-4.jpg\" alt=\"about-4\" \/><\/figure><\/a><\/div><div class=\"swiper-slide\" role=\"group\" aria-roledescription=\"slide\" aria-label=\"3 of 4\"><a data-elementor-open-lightbox=\"yes\" data-elementor-lightbox-slideshow=\"9bd2930\" data-elementor-lightbox-title=\"about-5\" data-e-action-hash=\"#elementor-action%3Aaction%3Dlightbox%26settings%3DeyJpZCI6Mjc4MiwidXJsIjoiaHR0cHM6XC9cL2ZpcnN0a2V5LnZuXC93cC1jb250ZW50XC91cGxvYWRzXC8yMDIzXC8wN1wvYWJvdXQtNS5qcGciLCJzbGlkZXNob3ciOiI5YmQyOTMwIn0%3D\" href=\"https:\/\/firstkey.vn\/wp-content\/uploads\/2023\/07\/about-5.jpg\"><figure class=\"swiper-slide-inner\"><img decoding=\"async\" class=\"swiper-slide-image\" src=\"https:\/\/firstkey.vn\/wp-content\/uploads\/2023\/07\/about-5.jpg\" alt=\"about-5\" \/><\/figure><\/a><\/div><div class=\"swiper-slide\" role=\"group\" aria-roledescription=\"slide\" aria-label=\"4 of 4\"><a data-elementor-open-lightbox=\"yes\" data-elementor-lightbox-slideshow=\"9bd2930\" data-elementor-lightbox-title=\"about-1\" data-e-action-hash=\"#elementor-action%3Aaction%3Dlightbox%26settings%3DeyJpZCI6Mjc4MSwidXJsIjoiaHR0cHM6XC9cL2ZpcnN0a2V5LnZuXC93cC1jb250ZW50XC91cGxvYWRzXC8yMDIzXC8wN1wvYWJvdXQtMS5qcGciLCJzbGlkZXNob3ciOiI5YmQyOTMwIn0%3D\" href=\"https:\/\/firstkey.vn\/wp-content\/uploads\/2023\/07\/about-1.jpg\"><figure class=\"swiper-slide-inner\"><img decoding=\"async\" class=\"swiper-slide-image\" src=\"https:\/\/firstkey.vn\/wp-content\/uploads\/2023\/07\/about-1.jpg\" alt=\"about-1\" \/><\/figure><\/a><\/div>\t\t\t<\/div>\n\t\t\t\t\t\t\t\n\t\t\t\t\t\t\t\t\t<\/div>\n\t\t\t\t<\/div>\n\t\t\t\t<\/div>\n\t\t\t\t<\/div>\n\t\t<div class=\"elementor-element elementor-element-996cb8a e-flex e-con-boxed e-con\" data-id=\"996cb8a\" data-element_type=\"container\" data-settings=\"{&quot;content_width&quot;:&quot;boxed&quot;}\">\n\t\t\t\t\t<div class=\"e-con-inner\">\n\t\t<div class=\"elementor-element elementor-element-a468b54 e-con-full e-flex e-con\" data-id=\"a468b54\" data-element_type=\"container\" data-settings=\"{&quot;content_width&quot;:&quot;full&quot;}\">\n\t\t\t\t<div class=\"elementor-element elementor-element-e504a57 elementor-widget elementor-widget-image\" data-id=\"e504a57\" data-element_type=\"widget\" data-widget_type=\"image.default\">\n\t\t\t\t<div class=\"elementor-widget-container\">\n\t\t\t<style>\/*! elementor - v3.14.0 - 18-06-2023 *\/\n.elementor-widget-image{text-align:center}.elementor-widget-image a{display:inline-block}.elementor-widget-image a img[src$=\".svg\"]{width:48px}.elementor-widget-image img{vertical-align:middle;display:inline-block}<\/style>\t\t\t\t\t\t\t\t\t\t\t\t<img loading=\"lazy\" decoding=\"async\" width=\"800\" height=\"730\" src=\"https:\/\/firstkey.vn\/wp-content\/uploads\/2023\/06\/gioi-thieu-firstkey.png\" class=\"attachment-large size-large wp-image-1457\" alt=\"\" srcset=\"https:\/\/firstkey.vn\/wp-content\/uploads\/2023\/06\/gioi-thieu-firstkey.png 811w, https:\/\/firstkey.vn\/wp-content\/uploads\/2023\/06\/gioi-thieu-firstkey-300x274.png 300w, https:\/\/firstkey.vn\/wp-content\/uploads\/2023\/06\/gioi-thieu-firstkey-768x701.png 768w, https:\/\/firstkey.vn\/wp-content\/uploads\/2023\/06\/gioi-thieu-firstkey-13x12.png 13w\" sizes=\"auto, (max-width: 800px) 100vw, 800px\" \/>\t\t\t\t\t\t\t\t\t\t\t\t\t\t\t<\/div>\n\t\t\t\t<\/div>\n\t\t\t\t<\/div>\n\t\t<div class=\"elementor-element elementor-element-652348b e-con-full e-flex e-con\" data-id=\"652348b\" data-element_type=\"container\" data-settings=\"{&quot;content_width&quot;:&quot;full&quot;}\">\n\t\t\t\t<div class=\"elementor-element elementor-element-4292ee6 elementor-widget elementor-widget-heading\" data-id=\"4292ee6\" data-element_type=\"widget\" data-widget_type=\"heading.default\">\n\t\t\t\t<div class=\"elementor-widget-container\">\n\t\t\t<h2 class=\"elementor-heading-title elementor-size-default\">K\u00ednh Th\u01b0a: Qu\u00fd Kh\u00e1ch h\u00e0ng\n\n<\/h2>\t\t<\/div>\n\t\t\t\t<\/div>\n\t\t\t\t<div class=\"elementor-element elementor-element-3166785 elementor-widget__width-inherit elementor-widget-tablet__width-initial elementor-widget elementor-widget-text-editor\" data-id=\"3166785\" data-element_type=\"widget\" data-widget_type=\"text-editor.default\">\n\t\t\t\t<div class=\"elementor-widget-container\">\n\t\t\t\t\t\t\t<p><em style=\"text-align: justify;\">L\u1eddi \u0111\u1ea7u ti\u00ean <b>C\u00f4ng ty TNHH First Key<\/b> xin g\u1eedi \u0111\u1ebfn Qu\u00fd kh\u00e1ch h\u00e0ng l\u1eddi ch\u00e0o tr\u00e2n tr\u1ecdng, l\u1eddi ch\u00fac s\u1ee9c kh\u1ecfe v\u00e0 th\u00e0nh \u0111\u1ea1t.<\/em><\/p><p><em><b>C\u00f4ng ty TNHH First Key (FKC) <\/b>l\u00e0 Doanh nghi\u1ec7p chuy\u00ean cung c\u1ea5p thi\u1ebft b\u1ecb C\u00f4ng ngh\u1ec7 th\u00f4ng tin (CNTT);d\u1ecbch v\u1ee5 v\u00e0 t\u01b0 v\u1ea5n.<\/em><br \/><em>V\u1edbi xu th\u1ebf to\u00e0n c\u1ea7u h\u00f3a, CNTT \u0111\u00f3ng vai tr\u00f2 quan tr\u1ecdng trong s\u1ef1 ph\u00e1t tri\u1ec3n c\u1ee7a x\u00e3 h\u1ed9i, l\u00e0 c\u1ea7u n\u1ed1i trao \u0111\u1ed5i gi\u1eefa c\u00e1c th\u00e0nh ph\u1ea7n c\u1ee7a x\u00e3 h\u1ed9i v\u00e0 \u0111\u00e3 tr\u1edf th\u00e0nh nh\u00e2n t\u1ed1 quan tr\u1ecdng trong ho\u1ea1t \u0111\u1ed9ng s\u1ea3n xu\u1ea5t kinh doanh, b\u00e1n h\u00e0ng, x\u00fac ti\u1ebfn th\u01b0\u01a1ng m\u1ea1i, qu\u1ea3n tr\u1ecb doanh nghi\u1ec7p. Vi\u1ec7c \u1ee9ng d\u1ee5ng CNTT v\u00e0o qu\u00e1 tr\u00ecnh t\u1ef1 \u0111\u1ed9ng h\u00f3a trong s\u1ea3n xu\u1ea5t kinh doanh, qu\u1ea3n l\u00fd h\u00e0nh ch\u00ednh c\u00f3 vai tr\u00f2 r\u1ea5t l\u1edbn v\u00e0 l\u00e0 \u0111\u1ed9ng l\u1ef1c th\u00fac \u0111\u1ea9y t\u0103ng tr\u01b0\u1edfng n\u1ec1n kinh t\u1ebf.<\/em><br \/><em style=\"text-align: justify;\">V\u1edbi ti\u1ec1m n\u0103ng quan tr\u1ecdng c\u1ee7a l\u0129nh v\u1ef1c CNTT, ch\u00fang t\u00f4i \u0111\u1ecbnh h\u01b0\u1edbng b\u1ec1n v\u1eefng l\u0129nh v\u1ef1c CNTT, mang s\u1ef1 \u0111am m\u00ea, t\u00e2m huy\u1ebft v\u00e0 kh\u00e1t v\u1ecdng c\u1ed1ng hi\u1ebfn tr\u00ed tu\u1ec7 nh\u00e2n t\u1ea1o ti\u1ebfp b\u01b0\u1edbc ph\u00e1t tri\u1ec3n x\u00e3 h\u1ed9i. <b>First Key<\/b> \u0111\u01b0\u1ee3c ra \u0111\u1eddi tr\u00ean s\u1ef1 quy t\u1ee5 c\u00e1c Th\u00e0nh vi\u00ean s\u00e1ng l\u1eadp v\u00e0 \u0111\u1ed9i ng\u0169 CBNV h\u01a1n 20 n\u0103m kinh nghi\u1ec7m \u0111\u01b0\u1ee3c t\u00edch l\u0169y t\u1eeb nh\u1eefng n\u0103m \u0111\u1ea7u khi Vi\u1ec7t Nam b\u01b0\u1edbc v\u00e0o n\u1ec1n kinh t\u1ebf h\u1ed9i nh\u1eadp \u0111\u1ebfn nay trong nhi\u1ec1u l\u0129nh v\u1ef1c CNTT, T\u00e0i ch\u00ednh, S\u1ea3n xu\u1ea5t, Th\u01b0\u01a1ng m\u1ea1i v\u00e0 D\u1ecbch v\u1ee5.<\/em><\/p><p><em>S\u1ee9 m\u1ec7nh c\u1ee7a ch\u00fang t\u00f4i l\u00e0 \u0111\u1ed3ng h\u00e0nh c\u00f9ng doanh nghi\u1ec7p trong th\u1eddi \u0111\u1ea1i c\u00f4ng ngh\u1ec7 h\u00f3a, \u0111\u01b0a \u1ee9ng d\u1ee5ng c\u00f4ng ngh\u1ec7 v\u00e0o ho\u1ea1t \u0111\u1ed9ng doanh nghi\u1ec7p, \u0111\u1ed3ng th\u1eddi th\u1ef1c hi\u1ec7n t\u01b0 v\u1ea5n doanh nghi\u1ec7p c\u00f9ng v\u1edbi \u0111\u1ed9i ng\u0169 th\u00e2m ni\u00ean \u0111i\u1ec1u h\u00e0nh \u0111a l\u0129nh v\u1ef1c. Ch\u00fang t\u00f4i s\u1ebd t\u1eebng b\u01b0\u1edbc c\u1ea3i ti\u1ebfn, n\u00e2ng c\u1ea5p theo s\u1ef1 ph\u00e1t tri\u1ec3n c\u1ee7a doanh nghi\u1ec7p nh\u1eb1m t\u0103ng hi\u1ec7u qu\u1ea3 qu\u1ea3n l\u00fd trong ho\u1ea1t \u0111\u1ed9ng v\u1eadn h\u00e0nh v\u00e0 \u0111\u00e1p \u1ee9ng t\u1ed1t nh\u1ea5t nhu c\u1ea7u c\u1ee7a kh\u00e1ch h\u00e0ng, n\u00e2ng cao gi\u00e1 tr\u1ecb doanh nghi\u1ec7p.<\/em><\/p><p><em>Ch\u00e2n th\u00e0nh c\u1ea3m \u01a1n, r\u1ea5t mong nh\u1eadn \u0111\u01b0\u1ee3c s\u1ef1 quan t\u00e2m h\u1ee3p t\u00e1c c\u1ee7a Qu\u00fd Kh\u00e1ch h\u00e0ng.<\/em><\/p><p><strong>Tr\u00e2n tr\u1ecdng.<\/strong><\/p>\t\t\t\t\t\t<\/div>\n\t\t\t\t<\/div>\n\t\t\t\t<\/div>\n\t\t\t\t\t<\/div>\n\t\t\t\t<\/div>\n\t\t\t\t\t\t\t<\/div>","protected":false},"excerpt":{"rendered":"<p>K\u00ednh Th\u01b0a: Qu\u00fd Kh\u00e1ch h\u00e0ng L\u1eddi \u0111\u1ea7u ti\u00ean C\u00f4ng ty TNHH First Key xin g\u1eedi \u0111\u1ebfn Qu\u00fd kh\u00e1ch h\u00e0ng l\u1eddi ch\u00e0o tr\u00e2n tr\u1ecdng, l\u1eddi ch\u00fac s\u1ee9c kh\u1ecfe v\u00e0 th\u00e0nh \u0111\u1ea1t. C\u00f4ng ty TNHH First Key (FKC) l\u00e0 Doanh nghi\u1ec7p chuy\u00ean cung c\u1ea5p thi\u1ebft b\u1ecb C\u00f4ng ngh\u1ec7 th\u00f4ng tin (CNTT);d\u1ecbch v\u1ee5 v\u00e0 t\u01b0 v\u1ea5n.V\u1edbi xu th\u1ebf [&hellip;]<\/p>","protected":false},"author":1,"featured_media":0,"parent":0,"menu_order":0,"comment_status":"closed","ping_status":"closed","template":"elementor_header_footer","meta":{"footnotes":""},"class_list":["post-3018","page","type-page","status-publish","hentry"],"acf":[],"yoast_head":"<!-- This site is optimized with the Yoast SEO Premium plugin v18.4 (Yoast SEO v18.6) - https:\/\/yoast.com\/wordpress\/plugins\/seo\/ -->\n<title>V\u1ec1 ch\u00fang t\u00f4i - Firstkey<\/title>\n<meta name=\"robots\" content=\"index, follow, max-snippet:-1, max-image-preview:large, max-video-preview:-1\" \/>\n<link rel=\"canonical\" href=\"https:\/\/firstkey.vn\/en\/ve-chung-toi\/\" \/>\n<meta property=\"og:locale\" content=\"en_US\" \/>\n<meta property=\"og:type\" content=\"article\" \/>\n<meta property=\"og:title\" content=\"V\u1ec1 ch\u00fang t\u00f4i\" \/>\n<meta property=\"og:description\" content=\"K\u00ednh Th\u01b0a: Qu\u00fd Kh\u00e1ch h\u00e0ng L\u1eddi \u0111\u1ea7u ti\u00ean C\u00f4ng ty TNHH First Key xin g\u1eedi \u0111\u1ebfn Qu\u00fd kh\u00e1ch h\u00e0ng l\u1eddi ch\u00e0o tr\u00e2n tr\u1ecdng, l\u1eddi ch\u00fac s\u1ee9c kh\u1ecfe v\u00e0 th\u00e0nh \u0111\u1ea1t. C\u00f4ng ty TNHH First Key (FKC) l\u00e0 Doanh nghi\u1ec7p chuy\u00ean cung c\u1ea5p thi\u1ebft b\u1ecb C\u00f4ng ngh\u1ec7 th\u00f4ng tin (CNTT);d\u1ecbch v\u1ee5 v\u00e0 t\u01b0 v\u1ea5n.V\u1edbi xu th\u1ebf [&hellip;]\" \/>\n<meta property=\"og:url\" content=\"https:\/\/firstkey.vn\/en\/ve-chung-toi\/\" \/>\n<meta property=\"og:site_name\" content=\"Firstkey\" \/>\n<meta property=\"article:modified_time\" content=\"2023-07-13T07:45:53+00:00\" \/>\n<meta property=\"og:image\" content=\"https:\/\/firstkey.vn\/wp-content\/uploads\/2023\/07\/about-2.jpg\" \/>\n<meta name=\"twitter:card\" content=\"summary_large_image\" \/>\n<meta name=\"twitter:label1\" content=\"Est. reading time\" \/>\n\t<meta name=\"twitter:data1\" content=\"11 minutes\" \/>\n<script type=\"application\/ld+json\" class=\"yoast-schema-graph\">{\"@context\":\"https:\/\/schema.org\",\"@graph\":[{\"@type\":\"WebSite\",\"@id\":\"https:\/\/firstkey.vn\/#website\",\"url\":\"https:\/\/firstkey.vn\/\",\"name\":\"Firstkey\",\"description\":\"\",\"potentialAction\":[{\"@type\":\"SearchAction\",\"target\":{\"@type\":\"EntryPoint\",\"urlTemplate\":\"https:\/\/firstkey.vn\/?s={search_term_string}\"},\"query-input\":\"required name=search_term_string\"}],\"inLanguage\":\"en-US\"},{\"@type\":\"ImageObject\",\"@id\":\"https:\/\/firstkey.vn\/ve-chung-toi\/#primaryimage\",\"inLanguage\":\"en-US\",\"url\":\"https:\/\/firstkey.vn\/wp-content\/uploads\/2023\/07\/about-2.jpg\",\"contentUrl\":\"https:\/\/firstkey.vn\/wp-content\/uploads\/2023\/07\/about-2.jpg\",\"width\":831,\"height\":464},{\"@type\":\"WebPage\",\"@id\":\"https:\/\/firstkey.vn\/ve-chung-toi\/#webpage\",\"url\":\"https:\/\/firstkey.vn\/ve-chung-toi\/\",\"name\":\"V\u1ec1 ch\u00fang t\u00f4i - Firstkey\",\"isPartOf\":{\"@id\":\"https:\/\/firstkey.vn\/#website\"},\"primaryImageOfPage\":{\"@id\":\"https:\/\/firstkey.vn\/ve-chung-toi\/#primaryimage\"},\"datePublished\":\"2023-07-11T09:24:54+00:00\",\"dateModified\":\"2023-07-13T07:45:53+00:00\",\"breadcrumb\":{\"@id\":\"https:\/\/firstkey.vn\/ve-chung-toi\/#breadcrumb\"},\"inLanguage\":\"en-US\",\"potentialAction\":[{\"@type\":\"ReadAction\",\"target\":[\"https:\/\/firstkey.vn\/ve-chung-toi\/\"]}]},{\"@type\":\"BreadcrumbList\",\"@id\":\"https:\/\/firstkey.vn\/ve-chung-toi\/#breadcrumb\",\"itemListElement\":[{\"@type\":\"ListItem\",\"position\":1,\"name\":\"Trang ch\u1ee7\",\"item\":\"https:\/\/firstkey.vn\/\"},{\"@type\":\"ListItem\",\"position\":2,\"name\":\"V\u1ec1 ch\u00fang t\u00f4i\"}]}]}<\/script>\n<!-- \/ Yoast SEO Premium plugin. -->","yoast_head_json":{"title":"V\u1ec1 ch\u00fang t\u00f4i - Firstkey","robots":{"index":"index","follow":"follow","max-snippet":"max-snippet:-1","max-image-preview":"max-image-preview:large","max-video-preview":"max-video-preview:-1"},"canonical":"https:\/\/firstkey.vn\/en\/ve-chung-toi\/","og_locale":"en_US","og_type":"article","og_title":"V\u1ec1 ch\u00fang t\u00f4i","og_description":"K\u00ednh Th\u01b0a: Qu\u00fd Kh\u00e1ch h\u00e0ng L\u1eddi \u0111\u1ea7u ti\u00ean C\u00f4ng ty TNHH First Key xin g\u1eedi \u0111\u1ebfn Qu\u00fd kh\u00e1ch h\u00e0ng l\u1eddi ch\u00e0o tr\u00e2n tr\u1ecdng, l\u1eddi ch\u00fac s\u1ee9c kh\u1ecfe v\u00e0 th\u00e0nh \u0111\u1ea1t. C\u00f4ng ty TNHH First Key (FKC) l\u00e0 Doanh nghi\u1ec7p chuy\u00ean cung c\u1ea5p thi\u1ebft b\u1ecb C\u00f4ng ngh\u1ec7 th\u00f4ng tin (CNTT);d\u1ecbch v\u1ee5 v\u00e0 t\u01b0 v\u1ea5n.V\u1edbi xu th\u1ebf [&hellip;]","og_url":"https:\/\/firstkey.vn\/en\/ve-chung-toi\/","og_site_name":"Firstkey","article_modified_time":"2023-07-13T07:45:53+00:00","og_image":[{"url":"https:\/\/firstkey.vn\/wp-content\/uploads\/2023\/07\/about-2.jpg"}],"twitter_card":"summary_large_image","twitter_misc":{"Est. reading time":"11 minutes"},"schema":{"@context":"https:\/\/schema.org","@graph":[{"@type":"WebSite","@id":"https:\/\/firstkey.vn\/#website","url":"https:\/\/firstkey.vn\/","name":"Firstkey","description":"","potentialAction":[{"@type":"SearchAction","target":{"@type":"EntryPoint","urlTemplate":"https:\/\/firstkey.vn\/?s={search_term_string}"},"query-input":"required name=search_term_string"}],"inLanguage":"en-US"},{"@type":"ImageObject","@id":"https:\/\/firstkey.vn\/ve-chung-toi\/#primaryimage","inLanguage":"en-US","url":"https:\/\/firstkey.vn\/wp-content\/uploads\/2023\/07\/about-2.jpg","contentUrl":"https:\/\/firstkey.vn\/wp-content\/uploads\/2023\/07\/about-2.jpg","width":831,"height":464},{"@type":"WebPage","@id":"https:\/\/firstkey.vn\/ve-chung-toi\/#webpage","url":"https:\/\/firstkey.vn\/ve-chung-toi\/","name":"V\u1ec1 ch\u00fang t\u00f4i - Firstkey","isPartOf":{"@id":"https:\/\/firstkey.vn\/#website"},"primaryImageOfPage":{"@id":"https:\/\/firstkey.vn\/ve-chung-toi\/#primaryimage"},"datePublished":"2023-07-11T09:24:54+00:00","dateModified":"2023-07-13T07:45:53+00:00","breadcrumb":{"@id":"https:\/\/firstkey.vn\/ve-chung-toi\/#breadcrumb"},"inLanguage":"en-US","potentialAction":[{"@type":"ReadAction","target":["https:\/\/firstkey.vn\/ve-chung-toi\/"]}]},{"@type":"BreadcrumbList","@id":"https:\/\/firstkey.vn\/ve-chung-toi\/#breadcrumb","itemListElement":[{"@type":"ListItem","position":1,"name":"Trang ch\u1ee7","item":"https:\/\/firstkey.vn\/"},{"@type":"ListItem","position":2,"name":"V\u1ec1 ch\u00fang t\u00f4i"}]}]}},"_links":{"self":[{"href":"https:\/\/firstkey.vn\/en\/wp-json\/wp\/v2\/pages\/3018","targetHints":{"allow":["GET"]}}],"collection":[{"href":"https:\/\/firstkey.vn\/en\/wp-json\/wp\/v2\/pages"}],"about":[{"href":"https:\/\/firstkey.vn\/en\/wp-json\/wp\/v2\/types\/page"}],"author":[{"embeddable":true,"href":"https:\/\/firstkey.vn\/en\/wp-json\/wp\/v2\/users\/1"}],"replies":[{"embeddable":true,"href":"https:\/\/firstkey.vn\/en\/wp-json\/wp\/v2\/comments?post=3018"}],"version-history":[{"count":22,"href":"https:\/\/firstkey.vn\/en\/wp-json\/wp\/v2\/pages\/3018\/revisions"}],"predecessor-version":[{"id":3195,"href":"https:\/\/firstkey.vn\/en\/wp-json\/wp\/v2\/pages\/3018\/revisions\/3195"}],"wp:attachment":[{"href":"https:\/\/firstkey.vn\/en\/wp-json\/wp\/v2\/media?parent=3018"}],"curies":[{"name":"wp","href":"https:\/\/api.w.org\/{rel}","templated":true}]}}