{"id":3034,"date":"2023-07-12T13:48:10","date_gmt":"2023-07-12T06:48:10","guid":{"rendered":"https:\/\/firstkey.123websitedev.com\/?page_id=3034"},"modified":"2023-07-12T13:53:20","modified_gmt":"2023-07-12T06:53:20","slug":"ho-tro","status":"publish","type":"page","link":"https:\/\/firstkey.vn\/en\/ho-tro\/","title":{"rendered":"H\u1ed7 tr\u1ee3"},"content":{"rendered":"<div data-elementor-type=\"wp-page\" data-elementor-id=\"3034\" class=\"elementor elementor-3034\" data-elementor-post-type=\"page\">\n\t\t\t\t\t\t\t<div class=\"elementor-element elementor-element-538271b e-flex e-con-boxed e-con\" data-id=\"538271b\" data-element_type=\"container\" data-settings=\"{&quot;background_background&quot;:&quot;classic&quot;,&quot;content_width&quot;:&quot;boxed&quot;}\">\n\t\t\t\t\t<div class=\"e-con-inner\">\n\t\t\t\t<div class=\"elementor-element elementor-element-c59481f elementor-align-center elementor-widget elementor-widget-breadcrumbs\" data-id=\"c59481f\" data-element_type=\"widget\" data-widget_type=\"breadcrumbs.default\">\n\t\t\t\t<div class=\"elementor-widget-container\">\n\t\t\t<link rel=\"stylesheet\" href=\"https:\/\/firstkey.vn\/wp-content\/plugins\/elementor-pro\/assets\/css\/widget-theme-elements.min.css\"><p id=\"breadcrumbs\"><span><span><a href=\"https:\/\/firstkey.vn\/en\/\">Trang ch\u1ee7<\/a><\/span><\/p>\t\t<\/div>\n\t\t\t\t<\/div>\n\t\t\t\t\t<\/div>\n\t\t\t\t<\/div>\n\t\t<div class=\"elementor-element elementor-element-124c3c0 e-flex e-con-boxed e-con\" data-id=\"124c3c0\" data-element_type=\"container\" data-settings=\"{&quot;content_width&quot;:&quot;boxed&quot;}\">\n\t\t\t\t\t<div class=\"e-con-inner\">\n\t\t<div class=\"elementor-element elementor-element-239fab8 e-con-full e-flex e-con\" data-id=\"239fab8\" data-element_type=\"container\" data-settings=\"{&quot;content_width&quot;:&quot;full&quot;}\">\n\t\t\t\t<div class=\"elementor-element elementor-element-2eaea2e elementor-widget elementor-widget-heading\" data-id=\"2eaea2e\" data-element_type=\"widget\" data-widget_type=\"heading.default\">\n\t\t\t\t<div class=\"elementor-widget-container\">\n\t\t\t<style>\/*! elementor - v3.14.0 - 18-06-2023 *\/\n.elementor-heading-title{padding:0;margin:0;line-height:1}.elementor-widget-heading .elementor-heading-title[class*=elementor-size-]>a{color:inherit;font-size:inherit;line-height:inherit}.elementor-widget-heading .elementor-heading-title.elementor-size-small{font-size:15px}.elementor-widget-heading .elementor-heading-title.elementor-size-medium{font-size:19px}.elementor-widget-heading .elementor-heading-title.elementor-size-large{font-size:29px}.elementor-widget-heading .elementor-heading-title.elementor-size-xl{font-size:39px}.elementor-widget-heading .elementor-heading-title.elementor-size-xxl{font-size:59px}<\/style><h2 class=\"elementor-heading-title elementor-size-default\">Y\u00eau c\u1ea7u t\u01b0 v\u1ea5n<\/h2>\t\t<\/div>\n\t\t\t\t<\/div>\n\t\t\t\t<div class=\"elementor-element elementor-element-a165395 elementor-widget elementor-widget-heading\" data-id=\"a165395\" data-element_type=\"widget\" data-widget_type=\"heading.default\">\n\t\t\t\t<div class=\"elementor-widget-container\">\n\t\t\t<div class=\"elementor-heading-title elementor-size-default\">Ch\u00fang t\u00f4i s\u1ebd li\u00ean h\u1ec7 l\u1ea1i cho b\u1ea1n trong th\u1eddi gian s\u1edbm nh\u1ea5t!<\/div>\t\t<\/div>\n\t\t\t\t<\/div>\n\t\t\t\t<div class=\"elementor-element elementor-element-88bdd20 fluentform-widget-submit-button-left fluentform-widget-submit-button-center fluent-form-widget-step-header-yes fluent-form-widget-step-progressbar-yes fluentform-widget-submit-button-custom elementor-widget elementor-widget-fluent-form-widget\" data-id=\"88bdd20\" data-element_type=\"widget\" data-widget_type=\"fluent-form-widget.default\">\n\t\t\t\t<div class=\"elementor-widget-container\">\n\t\t\t\n            <div class=\"fluentform-widget-wrapper fluentform-widget-align-default\">\n\n            \n            <div class='fluentform fluentform_wrapper_1'><form data-form_id=\"1\" id=\"fluentform_1\" class=\"frm-fluent-form fluent_form_1 ff-el-form-top ff_form_instance_1_1 ff-form-loading\" data-form_instance=\"ff_form_instance_1_1\" method=\"POST\" action=\"\" ><fieldset style=\"border: none!important;margin: 0!important;padding: 0!important;background-color: transparent!important;box-shadow: none!important;outline: none!important; min-inline-size: 100%;\">\n                    <legend class=\"ff_screen_reader_title\" style=\"display: block; margin: 0!important;padding: 0!important;height: 0!important;text-indent: -999999px;width: 0!important;\">Contact Form<\/legend><input type='hidden' name='__fluent_form_embded_post_id' value='3034' \/><input type=\"hidden\" id=\"_fluentform_1_fluentformnonce\" name=\"_fluentform_1_fluentformnonce\" value=\"333d93f087\" \/><input type=\"hidden\" name=\"_wp_http_referer\" value=\"\/en\/wp-json\/wp\/v2\/pages\/3034\" \/><div data-type=\"name-element\" data-name=\"names\" class=\"ff-field_container ff-name-field-wrapper\" ><div class='ff-t-container'><div class='ff-t-cell'><div class='ff-el-group'><div class=\"ff-el-input--label ff-el-is-required asterisk-right\"><label for='ff_1_names_first_name_' aria-label=\"H\u1ecd v\u00e0 t\u00ean\">H\u1ecd v\u00e0 t\u00ean<\/label> <\/div><div class='ff-el-input--content'><input type=\"text\" name=\"names[first_name]\" id=\"ff_1_names_first_name_\" class=\"ff-el-form-control\" placeholder=\"Nh\u1eadp h\u1ecd v\u00e0 t\u00ean\" aria-invalid=\"false\" aria-required=\"false\"><\/div><\/div><\/div><\/div><\/div><div class='ff-el-group'><div class=\"ff-el-input--label asterisk-right\"><label for='ff_1_input_text' aria-label=\"C\u00f4ng ty\">C\u00f4ng ty<\/label> <\/div><div class='ff-el-input--content'><input type=\"text\" name=\"input_text\" class=\"ff-el-form-control\" placeholder=\"Nh\u1eadp t\u00ean c\u00f4ng ty\" data-name=\"input_text\" id=\"ff_1_input_text\"  aria-invalid=\"false\" aria-required=\"false\"><\/div><\/div><div class='ff-el-group'><div class=\"ff-el-input--label ff-el-is-required asterisk-right\"><label for='ff_1_email' aria-label=\"Email\">Email<\/label> <\/div><div class='ff-el-input--content'><input type=\"email\" name=\"email\" id=\"ff_1_email\" class=\"ff-el-form-control\" placeholder=\"\u0110\u1ecba ch\u1ec9 Email\" data-name=\"email\"  aria-invalid=\"false\" aria-required=\"true\"><\/div><\/div><div class='ff-el-group'><div class=\"ff-el-input--label ff-el-is-required asterisk-right\"><label for='ff_1_phone' aria-label=\"S\u1ed1 \u0111i\u1ec7n tho\u1ea1i\">S\u1ed1 \u0111i\u1ec7n tho\u1ea1i<\/label> <\/div><div class='ff-el-input--content'><input name=\"phone\" class=\"ff-el-form-control ff-el-phone ff_el_with_extended_validation\" type=\"tel\" placeholder=\"Nh\u1eadp s\u1ed1 \u0111i\u1ec7n tho\u1ea1i\" data-name=\"phone\" id=\"ff_1_phone\" inputmode=\"tel\" ><\/div><\/div><div class='ff-el-group'><div class=\"ff-el-input--label asterisk-right\"><label for='ff_1_message' aria-label=\"Th\u00f4ng tin c\u1ea7n h\u1ed7 tr\u1ee3\">Th\u00f4ng tin c\u1ea7n h\u1ed7 tr\u1ee3<\/label> <\/div><div class='ff-el-input--content'><textarea aria-invalid=\"false\" aria-required=\"false\" name=\"message\" id=\"ff_1_message\" class=\"ff-el-form-control\" placeholder=\"Nh\u1eadp th\u00f4ng tin c\u1ea7n h\u1ed7 tr\u1ee3\" rows=\"4\" cols=\"2\" data-name=\"message\" ><\/textarea><\/div><\/div><div class='ff-el-group ff-text-left ff_submit_btn_wrapper'><button type=\"submit\" class=\"ff-btn ff-btn-submit ff-btn-md ff_btn_style\" >G\u1eedi y\u00eau c\u1ea7u<\/button><\/div><\/fieldset><input type=\"hidden\" name=\"trp-form-language\" value=\"en\"\/><\/form><div id='fluentform_1_errors' class='ff-errors-in-stack ff_form_instance_1_1 ff-form-loading_errors ff_form_instance_1_1_errors'><\/div><\/div>        <script type=\"text\/javascript\">\n            window.fluent_form_ff_form_instance_1_1 = {\"id\":\"1\",\"settings\":{\"layout\":{\"labelPlacement\":\"top\",\"helpMessagePlacement\":\"with_label\",\"errorMessagePlacement\":\"inline\",\"cssClassName\":\"\",\"asteriskPlacement\":\"asterisk-right\"},\"restrictions\":{\"denyEmptySubmission\":{\"enabled\":false}}},\"form_instance\":\"ff_form_instance_1_1\",\"form_id_selector\":\"fluentform_1\",\"rules\":{\"names[first_name]\":{\"required\":{\"value\":true,\"message\":\"Vui l\\u00f2ng nh\\u1eadp th\\u00f4ng tin\"}},\"names[middle_name]\":{\"required\":{\"value\":false,\"message\":\"This field is required\"}},\"names[last_name]\":{\"required\":{\"value\":false,\"message\":\"This field is required\"}},\"input_text\":{\"required\":{\"value\":false,\"message\":\"This field is required\"}},\"email\":{\"required\":{\"value\":true,\"message\":\"Vui l\\u00f2ng nh\\u1eadp th\\u00f4ng tin\"},\"email\":{\"value\":true,\"message\":\"This field must contain a valid email\"}},\"phone\":{\"required\":{\"value\":true,\"message\":\"Vui l\\u00f2ng nh\\u1eadp th\\u00f4ng tin\"},\"valid_phone_number\":{\"value\":true,\"message\":\"S\\u1ed1 \\u0111i\\u1ec7n tho\\u1ea1i kh\\u00f4ng h\\u1ee3p l\\u1ec7!\"}},\"message\":{\"required\":{\"value\":false,\"message\":\"This field is required\"}}}};\n                    <\/script>\n                    <\/div>\n\n            \t\t<\/div>\n\t\t\t\t<\/div>\n\t\t\t\t<\/div>\n\t\t<div class=\"elementor-element elementor-element-a41bc00 e-con-full e-flex e-con\" data-id=\"a41bc00\" data-element_type=\"container\" data-settings=\"{&quot;content_width&quot;:&quot;full&quot;}\">\n\t\t\t\t<div class=\"elementor-element elementor-element-ec59fda elementor-widget elementor-widget-heading\" data-id=\"ec59fda\" data-element_type=\"widget\" data-widget_type=\"heading.default\">\n\t\t\t\t<div class=\"elementor-widget-container\">\n\t\t\t<h2 class=\"elementor-heading-title elementor-size-default\">H\u1ed7 tr\u1ee3 b\u1ea3o tr\u00ec<\/h2>\t\t<\/div>\n\t\t\t\t<\/div>\n\t\t\t\t<div class=\"elementor-element elementor-element-271419c elementor-icon-list--layout-traditional elementor-list-item-link-full_width elementor-widget elementor-widget-icon-list\" data-id=\"271419c\" data-element_type=\"widget\" data-widget_type=\"icon-list.default\">\n\t\t\t\t<div class=\"elementor-widget-container\">\n\t\t\t<link rel=\"stylesheet\" href=\"https:\/\/firstkey.vn\/wp-content\/plugins\/elementor\/assets\/css\/widget-icon-list.min.css\">\t\t<ul class=\"elementor-icon-list-items\">\n\t\t\t\t\t\t\t<li class=\"elementor-icon-list-item\">\n\t\t\t\t\t\t\t\t\t\t<span class=\"elementor-icon-list-text\"><b>S\u1ed1 \u0111i\u1ec7n tho\u1ea1i:<\/b> 0334943611<\/span>\n\t\t\t\t\t\t\t\t\t<\/li>\n\t\t\t\t\t\t\t\t<li class=\"elementor-icon-list-item\">\n\t\t\t\t\t\t\t\t\t\t<span class=\"elementor-icon-list-text\"><b>Email:<\/b>\tcontact@firstkey.vn<\/span>\n\t\t\t\t\t\t\t\t\t<\/li>\n\t\t\t\t\t\t<\/ul>\n\t\t\t\t<\/div>\n\t\t\t\t<\/div>\n\t\t\t\t<div class=\"elementor-element elementor-element-39c7754 elementor-widget elementor-widget-heading\" data-id=\"39c7754\" data-element_type=\"widget\" data-widget_type=\"heading.default\">\n\t\t\t\t<div class=\"elementor-widget-container\">\n\t\t\t<h2 class=\"elementor-heading-title elementor-size-default\">H\u1ed7 tr\u1ee3 cung c\u1ea5p d\u1ecbch v\u1ee5<\/h2>\t\t<\/div>\n\t\t\t\t<\/div>\n\t\t\t\t<div class=\"elementor-element elementor-element-c9c8368 elementor-icon-list--layout-traditional elementor-list-item-link-full_width elementor-widget elementor-widget-icon-list\" data-id=\"c9c8368\" data-element_type=\"widget\" data-widget_type=\"icon-list.default\">\n\t\t\t\t<div class=\"elementor-widget-container\">\n\t\t\t\t\t<ul class=\"elementor-icon-list-items\">\n\t\t\t\t\t\t\t<li class=\"elementor-icon-list-item\">\n\t\t\t\t\t\t\t\t\t\t<span class=\"elementor-icon-list-text\"><b>S\u1ed1 \u0111i\u1ec7n tho\u1ea1i:<\/b> 035 3408344<\/span>\n\t\t\t\t\t\t\t\t\t<\/li>\n\t\t\t\t\t\t\t\t<li class=\"elementor-icon-list-item\">\n\t\t\t\t\t\t\t\t\t\t<span class=\"elementor-icon-list-text\"><b>Email:<\/b>contact@firstkey.vn<\/span>\n\t\t\t\t\t\t\t\t\t<\/li>\n\t\t\t\t\t\t<\/ul>\n\t\t\t\t<\/div>\n\t\t\t\t<\/div>\n\t\t\t\t<\/div>\n\t\t\t\t\t<\/div>\n\t\t\t\t<\/div>\n\t\t\t\t\t\t\t<\/div>","protected":false},"excerpt":{"rendered":"<p>Y\u00eau c\u1ea7u t\u01b0 v\u1ea5n Ch\u00fang t\u00f4i s\u1ebd li\u00ean h\u1ec7 l\u1ea1i cho b\u1ea1n trong th\u1eddi gian s\u1edbm nh\u1ea5t! Contact Form H\u1ecd v\u00e0 t\u00ean C\u00f4ng ty Email S\u1ed1 \u0111i\u1ec7n tho\u1ea1i Th\u00f4ng tin c\u1ea7n h\u1ed7 tr\u1ee3 G\u1eedi y\u00eau c\u1ea7u H\u1ed7 tr\u1ee3 b\u1ea3o tr\u00ec S\u1ed1 \u0111i\u1ec7n tho\u1ea1i: 0334943611 Email: contact@firstkey.vn H\u1ed7 tr\u1ee3 cung c\u1ea5p d\u1ecbch v\u1ee5 S\u1ed1 \u0111i\u1ec7n tho\u1ea1i: [&hellip;]<\/p>","protected":false},"author":1,"featured_media":0,"parent":0,"menu_order":0,"comment_status":"closed","ping_status":"closed","template":"elementor_header_footer","meta":{"footnotes":""},"class_list":["post-3034","page","type-page","status-publish","hentry"],"acf":[],"yoast_head":"<!-- This site is optimized with the Yoast SEO Premium plugin v18.4 (Yoast SEO v18.6) - https:\/\/yoast.com\/wordpress\/plugins\/seo\/ -->\n<title>H\u1ed7 tr\u1ee3 - Firstkey<\/title>\n<meta name=\"robots\" content=\"index, follow, max-snippet:-1, max-image-preview:large, max-video-preview:-1\" \/>\n<link rel=\"canonical\" href=\"https:\/\/firstkey.vn\/en\/ho-tro\/\" \/>\n<meta property=\"og:locale\" content=\"en_US\" \/>\n<meta property=\"og:type\" content=\"article\" \/>\n<meta property=\"og:title\" content=\"H\u1ed7 tr\u1ee3\" \/>\n<meta property=\"og:description\" content=\"Y\u00eau c\u1ea7u t\u01b0 v\u1ea5n Ch\u00fang t\u00f4i s\u1ebd li\u00ean h\u1ec7 l\u1ea1i cho b\u1ea1n trong th\u1eddi gian s\u1edbm nh\u1ea5t! Contact Form H\u1ecd v\u00e0 t\u00ean C\u00f4ng ty Email S\u1ed1 \u0111i\u1ec7n tho\u1ea1i Th\u00f4ng tin c\u1ea7n h\u1ed7 tr\u1ee3 G\u1eedi y\u00eau c\u1ea7u H\u1ed7 tr\u1ee3 b\u1ea3o tr\u00ec S\u1ed1 \u0111i\u1ec7n tho\u1ea1i: 0334943611 Email: contact@firstkey.vn H\u1ed7 tr\u1ee3 cung c\u1ea5p d\u1ecbch v\u1ee5 S\u1ed1 \u0111i\u1ec7n tho\u1ea1i: [&hellip;]\" \/>\n<meta property=\"og:url\" content=\"https:\/\/firstkey.vn\/en\/ho-tro\/\" \/>\n<meta property=\"og:site_name\" content=\"Firstkey\" \/>\n<meta property=\"article:modified_time\" content=\"2023-07-12T06:53:20+00:00\" \/>\n<meta name=\"twitter:card\" content=\"summary_large_image\" \/>\n<script type=\"application\/ld+json\" class=\"yoast-schema-graph\">{\"@context\":\"https:\/\/schema.org\",\"@graph\":[{\"@type\":\"WebSite\",\"@id\":\"https:\/\/firstkey.vn\/#website\",\"url\":\"https:\/\/firstkey.vn\/\",\"name\":\"Firstkey\",\"description\":\"\",\"potentialAction\":[{\"@type\":\"SearchAction\",\"target\":{\"@type\":\"EntryPoint\",\"urlTemplate\":\"https:\/\/firstkey.vn\/?s={search_term_string}\"},\"query-input\":\"required name=search_term_string\"}],\"inLanguage\":\"en-US\"},{\"@type\":\"WebPage\",\"@id\":\"https:\/\/firstkey.vn\/ho-tro\/#webpage\",\"url\":\"https:\/\/firstkey.vn\/ho-tro\/\",\"name\":\"H\u1ed7 tr\u1ee3 - Firstkey\",\"isPartOf\":{\"@id\":\"https:\/\/firstkey.vn\/#website\"},\"datePublished\":\"2023-07-12T06:48:10+00:00\",\"dateModified\":\"2023-07-12T06:53:20+00:00\",\"breadcrumb\":{\"@id\":\"https:\/\/firstkey.vn\/ho-tro\/#breadcrumb\"},\"inLanguage\":\"en-US\",\"potentialAction\":[{\"@type\":\"ReadAction\",\"target\":[\"https:\/\/firstkey.vn\/ho-tro\/\"]}]},{\"@type\":\"BreadcrumbList\",\"@id\":\"https:\/\/firstkey.vn\/ho-tro\/#breadcrumb\",\"itemListElement\":[{\"@type\":\"ListItem\",\"position\":1,\"name\":\"Trang ch\u1ee7\",\"item\":\"https:\/\/firstkey.vn\/\"},{\"@type\":\"ListItem\",\"position\":2,\"name\":\"H\u1ed7 tr\u1ee3\"}]}]}<\/script>\n<!-- \/ Yoast SEO Premium plugin. -->","yoast_head_json":{"title":"H\u1ed7 tr\u1ee3 - Firstkey","robots":{"index":"index","follow":"follow","max-snippet":"max-snippet:-1","max-image-preview":"max-image-preview:large","max-video-preview":"max-video-preview:-1"},"canonical":"https:\/\/firstkey.vn\/en\/ho-tro\/","og_locale":"en_US","og_type":"article","og_title":"H\u1ed7 tr\u1ee3","og_description":"Y\u00eau c\u1ea7u t\u01b0 v\u1ea5n Ch\u00fang t\u00f4i s\u1ebd li\u00ean h\u1ec7 l\u1ea1i cho b\u1ea1n trong th\u1eddi gian s\u1edbm nh\u1ea5t! Contact Form H\u1ecd v\u00e0 t\u00ean C\u00f4ng ty Email S\u1ed1 \u0111i\u1ec7n tho\u1ea1i Th\u00f4ng tin c\u1ea7n h\u1ed7 tr\u1ee3 G\u1eedi y\u00eau c\u1ea7u H\u1ed7 tr\u1ee3 b\u1ea3o tr\u00ec S\u1ed1 \u0111i\u1ec7n tho\u1ea1i: 0334943611 Email: contact@firstkey.vn H\u1ed7 tr\u1ee3 cung c\u1ea5p d\u1ecbch v\u1ee5 S\u1ed1 \u0111i\u1ec7n tho\u1ea1i: [&hellip;]","og_url":"https:\/\/firstkey.vn\/en\/ho-tro\/","og_site_name":"Firstkey","article_modified_time":"2023-07-12T06:53:20+00:00","twitter_card":"summary_large_image","schema":{"@context":"https:\/\/schema.org","@graph":[{"@type":"WebSite","@id":"https:\/\/firstkey.vn\/#website","url":"https:\/\/firstkey.vn\/","name":"Firstkey","description":"","potentialAction":[{"@type":"SearchAction","target":{"@type":"EntryPoint","urlTemplate":"https:\/\/firstkey.vn\/?s={search_term_string}"},"query-input":"required name=search_term_string"}],"inLanguage":"en-US"},{"@type":"WebPage","@id":"https:\/\/firstkey.vn\/ho-tro\/#webpage","url":"https:\/\/firstkey.vn\/ho-tro\/","name":"H\u1ed7 tr\u1ee3 - Firstkey","isPartOf":{"@id":"https:\/\/firstkey.vn\/#website"},"datePublished":"2023-07-12T06:48:10+00:00","dateModified":"2023-07-12T06:53:20+00:00","breadcrumb":{"@id":"https:\/\/firstkey.vn\/ho-tro\/#breadcrumb"},"inLanguage":"en-US","potentialAction":[{"@type":"ReadAction","target":["https:\/\/firstkey.vn\/ho-tro\/"]}]},{"@type":"BreadcrumbList","@id":"https:\/\/firstkey.vn\/ho-tro\/#breadcrumb","itemListElement":[{"@type":"ListItem","position":1,"name":"Trang ch\u1ee7","item":"https:\/\/firstkey.vn\/"},{"@type":"ListItem","position":2,"name":"H\u1ed7 tr\u1ee3"}]}]}},"_links":{"self":[{"href":"https:\/\/firstkey.vn\/en\/wp-json\/wp\/v2\/pages\/3034","targetHints":{"allow":["GET"]}}],"collection":[{"href":"https:\/\/firstkey.vn\/en\/wp-json\/wp\/v2\/pages"}],"about":[{"href":"https:\/\/firstkey.vn\/en\/wp-json\/wp\/v2\/types\/page"}],"author":[{"embeddable":true,"href":"https:\/\/firstkey.vn\/en\/wp-json\/wp\/v2\/users\/1"}],"replies":[{"embeddable":true,"href":"https:\/\/firstkey.vn\/en\/wp-json\/wp\/v2\/comments?post=3034"}],"version-history":[{"count":4,"href":"https:\/\/firstkey.vn\/en\/wp-json\/wp\/v2\/pages\/3034\/revisions"}],"predecessor-version":[{"id":3038,"href":"https:\/\/firstkey.vn\/en\/wp-json\/wp\/v2\/pages\/3034\/revisions\/3038"}],"wp:attachment":[{"href":"https:\/\/firstkey.vn\/en\/wp-json\/wp\/v2\/media?parent=3034"}],"curies":[{"name":"wp","href":"https:\/\/api.w.org\/{rel}","templated":true}]}}