{"id":3090,"date":"2023-07-12T14:31:33","date_gmt":"2023-07-12T07:31:33","guid":{"rendered":"https:\/\/firstkey.123websitedev.com\/?page_id=3090"},"modified":"2023-07-20T11:01:30","modified_gmt":"2023-07-20T04:01:30","slug":"thiet-bi-van-phong","status":"publish","type":"page","link":"https:\/\/firstkey.vn\/en\/thiet-bi-van-phong\/","title":{"rendered":"Thi\u1ebft b\u1ecb v\u0103n ph\u00f2ng"},"content":{"rendered":"<div data-elementor-type=\"wp-page\" data-elementor-id=\"3090\" class=\"elementor elementor-3090\" data-elementor-post-type=\"page\">\n\t\t\t\t\t\t\t<div class=\"elementor-element elementor-element-b2c3e6a e-flex e-con-boxed e-con\" data-id=\"b2c3e6a\" data-element_type=\"container\" data-settings=\"{&quot;background_background&quot;:&quot;classic&quot;,&quot;content_width&quot;:&quot;boxed&quot;}\">\n\t\t\t\t\t<div class=\"e-con-inner\">\n\t\t\t\t<div class=\"elementor-element elementor-element-70e72e5 elementor-align-center elementor-widget elementor-widget-breadcrumbs\" data-id=\"70e72e5\" data-element_type=\"widget\" data-widget_type=\"breadcrumbs.default\">\n\t\t\t\t<div class=\"elementor-widget-container\">\n\t\t\t<link rel=\"stylesheet\" href=\"https:\/\/firstkey.vn\/wp-content\/plugins\/elementor-pro\/assets\/css\/widget-theme-elements.min.css\"><p id=\"breadcrumbs\"><span><span><a href=\"https:\/\/firstkey.vn\/en\/\">Trang ch\u1ee7<\/a><\/span><\/p>\t\t<\/div>\n\t\t\t\t<\/div>\n\t\t\t\t\t<\/div>\n\t\t\t\t<\/div>\n\t\t<div class=\"elementor-element elementor-element-8950056 e-grid e-con-boxed e-con\" data-id=\"8950056\" data-element_type=\"container\" data-settings=\"{&quot;grid_columns_grid&quot;:{&quot;unit&quot;:&quot;fr&quot;,&quot;size&quot;:&quot;2&quot;,&quot;sizes&quot;:[]},&quot;grid_rows_grid&quot;:{&quot;unit&quot;:&quot;fr&quot;,&quot;size&quot;:1,&quot;sizes&quot;:[]},&quot;grid_rows_grid_mobile&quot;:{&quot;unit&quot;:&quot;fr&quot;,&quot;size&quot;:&quot;1&quot;,&quot;sizes&quot;:[]},&quot;grid_columns_grid_tablet&quot;:{&quot;unit&quot;:&quot;fr&quot;,&quot;size&quot;:2,&quot;sizes&quot;:[]},&quot;background_background&quot;:&quot;classic&quot;,&quot;content_width&quot;:&quot;boxed&quot;,&quot;grid_outline&quot;:&quot;yes&quot;,&quot;grid_columns_grid_mobile&quot;:{&quot;unit&quot;:&quot;fr&quot;,&quot;size&quot;:1,&quot;sizes&quot;:[]},&quot;grid_rows_grid_tablet&quot;:{&quot;unit&quot;:&quot;fr&quot;,&quot;size&quot;:&quot;&quot;,&quot;sizes&quot;:[]}}\">\n\t\t\t\t\t<div class=\"e-con-inner\">\n\t\t<div class=\"elementor-element elementor-element-07722f8 e-con-full e-flex e-con\" data-id=\"07722f8\" data-element_type=\"container\" data-settings=\"{&quot;content_width&quot;:&quot;full&quot;,&quot;background_background&quot;:&quot;classic&quot;}\">\n\t\t\t\t<div class=\"elementor-element elementor-element-ea242ac elementor-widget__width-initial elementor-widget-mobile__width-inherit elementor-widget elementor-widget-image\" data-id=\"ea242ac\" data-element_type=\"widget\" data-widget_type=\"image.default\">\n\t\t\t\t<div class=\"elementor-widget-container\">\n\t\t\t<style>\/*! elementor - v3.14.0 - 18-06-2023 *\/\n.elementor-widget-image{text-align:center}.elementor-widget-image a{display:inline-block}.elementor-widget-image a img[src$=\".svg\"]{width:48px}.elementor-widget-image img{vertical-align:middle;display:inline-block}<\/style>\t\t\t\t\t\t\t\t\t\t\t\t<img loading=\"lazy\" decoding=\"async\" width=\"800\" height=\"525\" src=\"https:\/\/firstkey.vn\/wp-content\/uploads\/2023\/07\/IMG-PC-1024x672.png\" class=\"attachment-large size-large wp-image-3107\" alt=\"\" srcset=\"https:\/\/firstkey.vn\/wp-content\/uploads\/2023\/07\/IMG-PC-1024x672.png 1024w, https:\/\/firstkey.vn\/wp-content\/uploads\/2023\/07\/IMG-PC-300x197.png 300w, https:\/\/firstkey.vn\/wp-content\/uploads\/2023\/07\/IMG-PC-768x504.png 768w, https:\/\/firstkey.vn\/wp-content\/uploads\/2023\/07\/IMG-PC-18x12.png 18w, https:\/\/firstkey.vn\/wp-content\/uploads\/2023\/07\/IMG-PC.png 1298w\" sizes=\"auto, (max-width: 800px) 100vw, 800px\" \/>\t\t\t\t\t\t\t\t\t\t\t\t\t\t\t<\/div>\n\t\t\t\t<\/div>\n\t\t\t\t<div class=\"elementor-element elementor-element-4971bd6 elementor-widget__width-initial elementor-widget-mobile__width-inherit elementor-widget elementor-widget-image\" data-id=\"4971bd6\" data-element_type=\"widget\" data-widget_type=\"image.default\">\n\t\t\t\t<div class=\"elementor-widget-container\">\n\t\t\t\t\t\t\t\t\t\t\t\t\t\t\t<img loading=\"lazy\" decoding=\"async\" width=\"400\" height=\"400\" src=\"https:\/\/firstkey.vn\/wp-content\/uploads\/2023\/07\/1.jpg\" class=\"attachment-large size-large wp-image-3101\" alt=\"\" srcset=\"https:\/\/firstkey.vn\/wp-content\/uploads\/2023\/07\/1.jpg 400w, https:\/\/firstkey.vn\/wp-content\/uploads\/2023\/07\/1-300x300.jpg 300w, https:\/\/firstkey.vn\/wp-content\/uploads\/2023\/07\/1-150x150.jpg 150w, https:\/\/firstkey.vn\/wp-content\/uploads\/2023\/07\/1-12x12.jpg 12w\" sizes=\"auto, (max-width: 400px) 100vw, 400px\" \/>\t\t\t\t\t\t\t\t\t\t\t\t\t\t\t<\/div>\n\t\t\t\t<\/div>\n\t\t\t\t<\/div>\n\t\t<div class=\"elementor-element elementor-element-fcc8caf e-con-full e-flex e-con\" data-id=\"fcc8caf\" data-element_type=\"container\" data-settings=\"{&quot;content_width&quot;:&quot;full&quot;,&quot;background_background&quot;:&quot;classic&quot;}\">\n\t\t\t\t<div class=\"elementor-element elementor-element-fdfca6d elementor-widget elementor-widget-heading\" data-id=\"fdfca6d\" data-element_type=\"widget\" data-widget_type=\"heading.default\">\n\t\t\t\t<div class=\"elementor-widget-container\">\n\t\t\t<style>\/*! elementor - v3.14.0 - 18-06-2023 *\/\n.elementor-heading-title{padding:0;margin:0;line-height:1}.elementor-widget-heading .elementor-heading-title[class*=elementor-size-]>a{color:inherit;font-size:inherit;line-height:inherit}.elementor-widget-heading .elementor-heading-title.elementor-size-small{font-size:15px}.elementor-widget-heading .elementor-heading-title.elementor-size-medium{font-size:19px}.elementor-widget-heading .elementor-heading-title.elementor-size-large{font-size:29px}.elementor-widget-heading .elementor-heading-title.elementor-size-xl{font-size:39px}.elementor-widget-heading .elementor-heading-title.elementor-size-xxl{font-size:59px}<\/style><h2 class=\"elementor-heading-title elementor-size-default\">Thi\u1ebft b\u1ecb v\u0103n ph\u00f2ng<\/h2>\t\t<\/div>\n\t\t\t\t<\/div>\n\t\t\t\t<div class=\"elementor-element elementor-element-b1b7c3d elementor-icon-list--layout-traditional elementor-list-item-link-full_width elementor-widget elementor-widget-icon-list\" data-id=\"b1b7c3d\" data-element_type=\"widget\" data-widget_type=\"icon-list.default\">\n\t\t\t\t<div class=\"elementor-widget-container\">\n\t\t\t<link rel=\"stylesheet\" href=\"https:\/\/firstkey.vn\/wp-content\/plugins\/elementor\/assets\/css\/widget-icon-list.min.css\">\t\t<ul class=\"elementor-icon-list-items\">\n\t\t\t\t\t\t\t<li class=\"elementor-icon-list-item\">\n\t\t\t\t\t\t\t\t\t\t\t<span class=\"elementor-icon-list-icon\">\n\t\t\t\t\t\t\t<i aria-hidden=\"true\" class=\"fas fa-check\"><\/i>\t\t\t\t\t\t<\/span>\n\t\t\t\t\t\t\t\t\t\t<span class=\"elementor-icon-list-text\">M\u00e1y vi t\u00ednh <\/span>\n\t\t\t\t\t\t\t\t\t<\/li>\n\t\t\t\t\t\t\t\t<li class=\"elementor-icon-list-item\">\n\t\t\t\t\t\t\t\t\t\t\t<span class=\"elementor-icon-list-icon\">\n\t\t\t\t\t\t\t<i aria-hidden=\"true\" class=\"fas fa-check\"><\/i>\t\t\t\t\t\t<\/span>\n\t\t\t\t\t\t\t\t\t\t<span class=\"elementor-icon-list-text\">Camera an ninh<\/span>\n\t\t\t\t\t\t\t\t\t<\/li>\n\t\t\t\t\t\t\t\t<li class=\"elementor-icon-list-item\">\n\t\t\t\t\t\t\t\t\t\t\t<span class=\"elementor-icon-list-icon\">\n\t\t\t\t\t\t\t<i aria-hidden=\"true\" class=\"fas fa-check\"><\/i>\t\t\t\t\t\t<\/span>\n\t\t\t\t\t\t\t\t\t\t<span class=\"elementor-icon-list-text\">M\u00e1y in\/m\u00e1y photocopy<\/span>\n\t\t\t\t\t\t\t\t\t<\/li>\n\t\t\t\t\t\t\t\t<li class=\"elementor-icon-list-item\">\n\t\t\t\t\t\t\t\t\t\t\t<span class=\"elementor-icon-list-icon\">\n\t\t\t\t\t\t\t<i aria-hidden=\"true\" class=\"fas fa-check\"><\/i>\t\t\t\t\t\t<\/span>\n\t\t\t\t\t\t\t\t\t\t<span class=\"elementor-icon-list-text\">M\u00e1y chi\u1ebfu<\/span>\n\t\t\t\t\t\t\t\t\t<\/li>\n\t\t\t\t\t\t\t\t<li class=\"elementor-icon-list-item\">\n\t\t\t\t\t\t\t\t\t\t\t<span class=\"elementor-icon-list-icon\">\n\t\t\t\t\t\t\t<i aria-hidden=\"true\" class=\"fas fa-check\"><\/i>\t\t\t\t\t\t<\/span>\n\t\t\t\t\t\t\t\t\t\t<span class=\"elementor-icon-list-text\">Thi\u1ebft b\u1ecb h\u1ed9i ngh\u1ecb tr\u1ef1c tuy\u1ebfn<\/span>\n\t\t\t\t\t\t\t\t\t<\/li>\n\t\t\t\t\t\t\t\t<li class=\"elementor-icon-list-item\">\n\t\t\t\t\t\t\t\t\t\t\t<span class=\"elementor-icon-list-icon\">\n\t\t\t\t\t\t\t<i aria-hidden=\"true\" class=\"fas fa-check\"><\/i>\t\t\t\t\t\t<\/span>\n\t\t\t\t\t\t\t\t\t\t<span class=\"elementor-icon-list-text\">M\u00e1y ch\u1ea5m c\u00f4ng v\u00e0 ki\u1ec3m so\u00e1t c\u1eeda<\/span>\n\t\t\t\t\t\t\t\t\t<\/li>\n\t\t\t\t\t\t<\/ul>\n\t\t\t\t<\/div>\n\t\t\t\t<\/div>\n\t\t\t\t<\/div>\n\t\t<div class=\"elementor-element elementor-element-767fcc8 e-con-full e-flex e-con\" data-id=\"767fcc8\" data-element_type=\"container\" data-settings=\"{&quot;content_width&quot;:&quot;full&quot;,&quot;background_background&quot;:&quot;classic&quot;}\">\n\t\t\t\t<div class=\"elementor-element elementor-element-0cf2ed5 elementor-widget__width-initial elementor-widget-mobile__width-inherit elementor-widget elementor-widget-image\" data-id=\"0cf2ed5\" data-element_type=\"widget\" data-widget_type=\"image.default\">\n\t\t\t\t<div class=\"elementor-widget-container\">\n\t\t\t\t\t\t\t\t\t\t\t\t\t\t\t<img loading=\"lazy\" decoding=\"async\" width=\"720\" height=\"720\" src=\"https:\/\/firstkey.vn\/wp-content\/uploads\/2023\/07\/2.-may-in.jpg\" class=\"attachment-full size-full wp-image-3102\" alt=\"\" srcset=\"https:\/\/firstkey.vn\/wp-content\/uploads\/2023\/07\/2.-may-in.jpg 720w, https:\/\/firstkey.vn\/wp-content\/uploads\/2023\/07\/2.-may-in-300x300.jpg 300w, https:\/\/firstkey.vn\/wp-content\/uploads\/2023\/07\/2.-may-in-150x150.jpg 150w, https:\/\/firstkey.vn\/wp-content\/uploads\/2023\/07\/2.-may-in-12x12.jpg 12w\" sizes=\"auto, (max-width: 720px) 100vw, 720px\" \/>\t\t\t\t\t\t\t\t\t\t\t\t\t\t\t<\/div>\n\t\t\t\t<\/div>\n\t\t\t\t<div class=\"elementor-element elementor-element-808be9d elementor-widget__width-initial elementor-widget-mobile__width-inherit elementor-widget elementor-widget-image\" data-id=\"808be9d\" data-element_type=\"widget\" data-widget_type=\"image.default\">\n\t\t\t\t<div class=\"elementor-widget-container\">\n\t\t\t\t\t\t\t\t\t\t\t\t\t\t\t<img loading=\"lazy\" decoding=\"async\" width=\"800\" height=\"800\" src=\"https:\/\/firstkey.vn\/wp-content\/uploads\/2023\/07\/5.jpg\" class=\"attachment-large size-large wp-image-3105\" alt=\"\" srcset=\"https:\/\/firstkey.vn\/wp-content\/uploads\/2023\/07\/5.jpg 850w, https:\/\/firstkey.vn\/wp-content\/uploads\/2023\/07\/5-300x300.jpg 300w, https:\/\/firstkey.vn\/wp-content\/uploads\/2023\/07\/5-150x150.jpg 150w, https:\/\/firstkey.vn\/wp-content\/uploads\/2023\/07\/5-768x768.jpg 768w, https:\/\/firstkey.vn\/wp-content\/uploads\/2023\/07\/5-12x12.jpg 12w\" sizes=\"auto, (max-width: 800px) 100vw, 800px\" \/>\t\t\t\t\t\t\t\t\t\t\t\t\t\t\t<\/div>\n\t\t\t\t<\/div>\n\t\t\t\t<\/div>\n\t\t<div class=\"elementor-element elementor-element-a03f347 e-con-full e-flex e-con\" data-id=\"a03f347\" data-element_type=\"container\" data-settings=\"{&quot;content_width&quot;:&quot;full&quot;,&quot;background_background&quot;:&quot;classic&quot;}\">\n\t\t\t\t<div class=\"elementor-element elementor-element-faa84ca elementor-widget__width-initial elementor-widget-mobile__width-inherit elementor-widget elementor-widget-image\" data-id=\"faa84ca\" data-element_type=\"widget\" data-widget_type=\"image.default\">\n\t\t\t\t<div class=\"elementor-widget-container\">\n\t\t\t\t\t\t\t\t\t\t\t\t\t\t\t<img loading=\"lazy\" decoding=\"async\" width=\"230\" height=\"219\" src=\"https:\/\/firstkey.vn\/wp-content\/uploads\/2023\/07\/4.jpeg\" class=\"attachment-large size-large wp-image-3104\" alt=\"\" srcset=\"https:\/\/firstkey.vn\/wp-content\/uploads\/2023\/07\/4.jpeg 230w, https:\/\/firstkey.vn\/wp-content\/uploads\/2023\/07\/4-13x12.jpeg 13w\" sizes=\"auto, (max-width: 230px) 100vw, 230px\" \/>\t\t\t\t\t\t\t\t\t\t\t\t\t\t\t<\/div>\n\t\t\t\t<\/div>\n\t\t\t\t<\/div>\n\t\t\t\t\t<\/div>\n\t\t\t\t<\/div>\n\t\t\t\t\t\t\t<\/div>","protected":false},"excerpt":{"rendered":"<p>M\u00e1y vi t\u00ednh Camera an ninh M\u00e1y in\/m\u00e1y photocopy M\u00e1y chi\u1ebfu Thi\u1ebft b\u1ecb h\u1ed9i ngh\u1ecb tr\u1ef1c tuy\u1ebfn M\u00e1y ch\u1ea5m c\u00f4ng v\u00e0 ki\u1ec3m so\u00e1t c\u1eeda<\/p>","protected":false},"author":1,"featured_media":0,"parent":0,"menu_order":0,"comment_status":"closed","ping_status":"closed","template":"elementor_header_footer","meta":{"footnotes":""},"class_list":["post-3090","page","type-page","status-publish","hentry"],"acf":[],"yoast_head":"<!-- This site is optimized with the Yoast SEO Premium plugin v18.4 (Yoast SEO v18.6) - https:\/\/yoast.com\/wordpress\/plugins\/seo\/ -->\n<title>Thi\u1ebft b\u1ecb v\u0103n ph\u00f2ng - Firstkey<\/title>\n<meta name=\"robots\" content=\"index, follow, max-snippet:-1, max-image-preview:large, max-video-preview:-1\" \/>\n<link rel=\"canonical\" href=\"https:\/\/firstkey.vn\/en\/thiet-bi-van-phong\/\" \/>\n<meta property=\"og:locale\" content=\"en_US\" \/>\n<meta property=\"og:type\" content=\"article\" \/>\n<meta property=\"og:title\" content=\"Thi\u1ebft b\u1ecb v\u0103n ph\u00f2ng\" \/>\n<meta property=\"og:description\" content=\"M\u00e1y vi t\u00ednh Camera an ninh M\u00e1y in\/m\u00e1y photocopy M\u00e1y chi\u1ebfu Thi\u1ebft b\u1ecb h\u1ed9i ngh\u1ecb tr\u1ef1c tuy\u1ebfn M\u00e1y ch\u1ea5m c\u00f4ng v\u00e0 ki\u1ec3m so\u00e1t c\u1eeda\" \/>\n<meta property=\"og:url\" content=\"https:\/\/firstkey.vn\/en\/thiet-bi-van-phong\/\" \/>\n<meta property=\"og:site_name\" content=\"Firstkey\" \/>\n<meta property=\"article:modified_time\" content=\"2023-07-20T04:01:30+00:00\" \/>\n<meta property=\"og:image\" content=\"https:\/\/firstkey.vn\/wp-content\/uploads\/2023\/07\/IMG-PC-1024x672.png\" \/>\n<meta name=\"twitter:card\" content=\"summary_large_image\" \/>\n<script type=\"application\/ld+json\" class=\"yoast-schema-graph\">{\"@context\":\"https:\/\/schema.org\",\"@graph\":[{\"@type\":\"WebSite\",\"@id\":\"https:\/\/firstkey.vn\/#website\",\"url\":\"https:\/\/firstkey.vn\/\",\"name\":\"Firstkey\",\"description\":\"\",\"potentialAction\":[{\"@type\":\"SearchAction\",\"target\":{\"@type\":\"EntryPoint\",\"urlTemplate\":\"https:\/\/firstkey.vn\/?s={search_term_string}\"},\"query-input\":\"required name=search_term_string\"}],\"inLanguage\":\"en-US\"},{\"@type\":\"ImageObject\",\"@id\":\"https:\/\/firstkey.vn\/thiet-bi-van-phong\/#primaryimage\",\"inLanguage\":\"en-US\",\"url\":\"https:\/\/firstkey.vn\/wp-content\/uploads\/2023\/07\/IMG-PC.png\",\"contentUrl\":\"https:\/\/firstkey.vn\/wp-content\/uploads\/2023\/07\/IMG-PC.png\",\"width\":1298,\"height\":852},{\"@type\":\"WebPage\",\"@id\":\"https:\/\/firstkey.vn\/thiet-bi-van-phong\/#webpage\",\"url\":\"https:\/\/firstkey.vn\/thiet-bi-van-phong\/\",\"name\":\"Thi\u1ebft b\u1ecb v\u0103n ph\u00f2ng - Firstkey\",\"isPartOf\":{\"@id\":\"https:\/\/firstkey.vn\/#website\"},\"primaryImageOfPage\":{\"@id\":\"https:\/\/firstkey.vn\/thiet-bi-van-phong\/#primaryimage\"},\"datePublished\":\"2023-07-12T07:31:33+00:00\",\"dateModified\":\"2023-07-20T04:01:30+00:00\",\"breadcrumb\":{\"@id\":\"https:\/\/firstkey.vn\/thiet-bi-van-phong\/#breadcrumb\"},\"inLanguage\":\"en-US\",\"potentialAction\":[{\"@type\":\"ReadAction\",\"target\":[\"https:\/\/firstkey.vn\/thiet-bi-van-phong\/\"]}]},{\"@type\":\"BreadcrumbList\",\"@id\":\"https:\/\/firstkey.vn\/thiet-bi-van-phong\/#breadcrumb\",\"itemListElement\":[{\"@type\":\"ListItem\",\"position\":1,\"name\":\"Trang ch\u1ee7\",\"item\":\"https:\/\/firstkey.vn\/\"},{\"@type\":\"ListItem\",\"position\":2,\"name\":\"Thi\u1ebft b\u1ecb v\u0103n ph\u00f2ng\"}]}]}<\/script>\n<!-- \/ Yoast SEO Premium plugin. -->","yoast_head_json":{"title":"Thi\u1ebft b\u1ecb v\u0103n ph\u00f2ng - Firstkey","robots":{"index":"index","follow":"follow","max-snippet":"max-snippet:-1","max-image-preview":"max-image-preview:large","max-video-preview":"max-video-preview:-1"},"canonical":"https:\/\/firstkey.vn\/en\/thiet-bi-van-phong\/","og_locale":"en_US","og_type":"article","og_title":"Thi\u1ebft b\u1ecb v\u0103n ph\u00f2ng","og_description":"M\u00e1y vi t\u00ednh Camera an ninh M\u00e1y in\/m\u00e1y photocopy M\u00e1y chi\u1ebfu Thi\u1ebft b\u1ecb h\u1ed9i ngh\u1ecb tr\u1ef1c tuy\u1ebfn M\u00e1y ch\u1ea5m c\u00f4ng v\u00e0 ki\u1ec3m so\u00e1t c\u1eeda","og_url":"https:\/\/firstkey.vn\/en\/thiet-bi-van-phong\/","og_site_name":"Firstkey","article_modified_time":"2023-07-20T04:01:30+00:00","og_image":[{"url":"https:\/\/firstkey.vn\/wp-content\/uploads\/2023\/07\/IMG-PC-1024x672.png"}],"twitter_card":"summary_large_image","schema":{"@context":"https:\/\/schema.org","@graph":[{"@type":"WebSite","@id":"https:\/\/firstkey.vn\/#website","url":"https:\/\/firstkey.vn\/","name":"Firstkey","description":"","potentialAction":[{"@type":"SearchAction","target":{"@type":"EntryPoint","urlTemplate":"https:\/\/firstkey.vn\/?s={search_term_string}"},"query-input":"required name=search_term_string"}],"inLanguage":"en-US"},{"@type":"ImageObject","@id":"https:\/\/firstkey.vn\/thiet-bi-van-phong\/#primaryimage","inLanguage":"en-US","url":"https:\/\/firstkey.vn\/wp-content\/uploads\/2023\/07\/IMG-PC.png","contentUrl":"https:\/\/firstkey.vn\/wp-content\/uploads\/2023\/07\/IMG-PC.png","width":1298,"height":852},{"@type":"WebPage","@id":"https:\/\/firstkey.vn\/thiet-bi-van-phong\/#webpage","url":"https:\/\/firstkey.vn\/thiet-bi-van-phong\/","name":"Thi\u1ebft b\u1ecb v\u0103n ph\u00f2ng - Firstkey","isPartOf":{"@id":"https:\/\/firstkey.vn\/#website"},"primaryImageOfPage":{"@id":"https:\/\/firstkey.vn\/thiet-bi-van-phong\/#primaryimage"},"datePublished":"2023-07-12T07:31:33+00:00","dateModified":"2023-07-20T04:01:30+00:00","breadcrumb":{"@id":"https:\/\/firstkey.vn\/thiet-bi-van-phong\/#breadcrumb"},"inLanguage":"en-US","potentialAction":[{"@type":"ReadAction","target":["https:\/\/firstkey.vn\/thiet-bi-van-phong\/"]}]},{"@type":"BreadcrumbList","@id":"https:\/\/firstkey.vn\/thiet-bi-van-phong\/#breadcrumb","itemListElement":[{"@type":"ListItem","position":1,"name":"Trang ch\u1ee7","item":"https:\/\/firstkey.vn\/"},{"@type":"ListItem","position":2,"name":"Thi\u1ebft b\u1ecb v\u0103n ph\u00f2ng"}]}]}},"_links":{"self":[{"href":"https:\/\/firstkey.vn\/en\/wp-json\/wp\/v2\/pages\/3090","targetHints":{"allow":["GET"]}}],"collection":[{"href":"https:\/\/firstkey.vn\/en\/wp-json\/wp\/v2\/pages"}],"about":[{"href":"https:\/\/firstkey.vn\/en\/wp-json\/wp\/v2\/types\/page"}],"author":[{"embeddable":true,"href":"https:\/\/firstkey.vn\/en\/wp-json\/wp\/v2\/users\/1"}],"replies":[{"embeddable":true,"href":"https:\/\/firstkey.vn\/en\/wp-json\/wp\/v2\/comments?post=3090"}],"version-history":[{"count":16,"href":"https:\/\/firstkey.vn\/en\/wp-json\/wp\/v2\/pages\/3090\/revisions"}],"predecessor-version":[{"id":3251,"href":"https:\/\/firstkey.vn\/en\/wp-json\/wp\/v2\/pages\/3090\/revisions\/3251"}],"wp:attachment":[{"href":"https:\/\/firstkey.vn\/en\/wp-json\/wp\/v2\/media?parent=3090"}],"curies":[{"name":"wp","href":"https:\/\/api.w.org\/{rel}","templated":true}]}}