{"id":3164,"date":"2023-07-12T17:33:55","date_gmt":"2023-07-12T10:33:55","guid":{"rendered":"https:\/\/firstkey.123websitedev.com\/?page_id=3164"},"modified":"2023-07-20T10:59:39","modified_gmt":"2023-07-20T03:59:39","slug":"giai-phap-he-thong-cntt","status":"publish","type":"page","link":"https:\/\/firstkey.vn\/en\/giai-phap-he-thong-cntt\/","title":{"rendered":"Gi\u1ea3i ph\u00e1p h\u1ec7 th\u1ed1ng CNTT"},"content":{"rendered":"<div data-elementor-type=\"wp-page\" data-elementor-id=\"3164\" class=\"elementor elementor-3164\" data-elementor-post-type=\"page\">\n\t\t\t\t\t\t\t<div class=\"elementor-element elementor-element-76b8e79 e-flex e-con-boxed e-con\" data-id=\"76b8e79\" data-element_type=\"container\" data-settings=\"{&quot;background_background&quot;:&quot;classic&quot;,&quot;content_width&quot;:&quot;boxed&quot;}\">\n\t\t\t\t\t<div class=\"e-con-inner\">\n\t\t\t\t<div class=\"elementor-element elementor-element-8b6541f elementor-align-center elementor-widget elementor-widget-breadcrumbs\" data-id=\"8b6541f\" data-element_type=\"widget\" data-widget_type=\"breadcrumbs.default\">\n\t\t\t\t<div class=\"elementor-widget-container\">\n\t\t\t<link rel=\"stylesheet\" href=\"https:\/\/firstkey.vn\/wp-content\/plugins\/elementor-pro\/assets\/css\/widget-theme-elements.min.css\"><p id=\"breadcrumbs\"><span><span><a href=\"https:\/\/firstkey.vn\/en\/\">Trang ch\u1ee7<\/a><\/span><\/p>\t\t<\/div>\n\t\t\t\t<\/div>\n\t\t\t\t\t<\/div>\n\t\t\t\t<\/div>\n\t\t<div class=\"elementor-element elementor-element-7d1b075 e-flex e-con-boxed e-con\" data-id=\"7d1b075\" data-element_type=\"container\" data-settings=\"{&quot;content_width&quot;:&quot;boxed&quot;}\">\n\t\t\t\t\t<div class=\"e-con-inner\">\n\t\t<div class=\"elementor-element elementor-element-b42b789 e-con-full e-flex e-con\" data-id=\"b42b789\" data-element_type=\"container\" data-settings=\"{&quot;content_width&quot;:&quot;full&quot;}\">\n\t\t\t\t<div class=\"elementor-element elementor-element-dfc9f2f elementor-widget elementor-widget-image\" data-id=\"dfc9f2f\" data-element_type=\"widget\" data-widget_type=\"image.default\">\n\t\t\t\t<div class=\"elementor-widget-container\">\n\t\t\t<style>\/*! elementor - v3.14.0 - 18-06-2023 *\/\n.elementor-widget-image{text-align:center}.elementor-widget-image a{display:inline-block}.elementor-widget-image a img[src$=\".svg\"]{width:48px}.elementor-widget-image img{vertical-align:middle;display:inline-block}<\/style>\t\t\t\t\t\t\t\t\t\t\t\t<img loading=\"lazy\" decoding=\"async\" width=\"673\" height=\"450\" src=\"https:\/\/firstkey.vn\/wp-content\/uploads\/2023\/07\/finance123.jpg\" class=\"attachment-full size-full wp-image-3244\" alt=\"\" srcset=\"https:\/\/firstkey.vn\/wp-content\/uploads\/2023\/07\/finance123.jpg 673w, https:\/\/firstkey.vn\/wp-content\/uploads\/2023\/07\/finance123-300x201.jpg 300w, https:\/\/firstkey.vn\/wp-content\/uploads\/2023\/07\/finance123-18x12.jpg 18w\" sizes=\"auto, (max-width: 673px) 100vw, 673px\" \/>\t\t\t\t\t\t\t\t\t\t\t\t\t\t\t<\/div>\n\t\t\t\t<\/div>\n\t\t\t\t<\/div>\n\t\t<div class=\"elementor-element elementor-element-a114b8d e-con-full e-flex e-con\" data-id=\"a114b8d\" data-element_type=\"container\" data-settings=\"{&quot;content_width&quot;:&quot;full&quot;}\">\n\t\t\t\t<div class=\"elementor-element elementor-element-0a2c621 elementor-widget elementor-widget-heading\" data-id=\"0a2c621\" data-element_type=\"widget\" data-widget_type=\"heading.default\">\n\t\t\t\t<div class=\"elementor-widget-container\">\n\t\t\t<style>\/*! elementor - v3.14.0 - 18-06-2023 *\/\n.elementor-heading-title{padding:0;margin:0;line-height:1}.elementor-widget-heading .elementor-heading-title[class*=elementor-size-]>a{color:inherit;font-size:inherit;line-height:inherit}.elementor-widget-heading .elementor-heading-title.elementor-size-small{font-size:15px}.elementor-widget-heading .elementor-heading-title.elementor-size-medium{font-size:19px}.elementor-widget-heading .elementor-heading-title.elementor-size-large{font-size:29px}.elementor-widget-heading .elementor-heading-title.elementor-size-xl{font-size:39px}.elementor-widget-heading .elementor-heading-title.elementor-size-xxl{font-size:59px}<\/style><h2 class=\"elementor-heading-title elementor-size-default\">GI\u1ea2I PH\u00c1P CHO NG\u00c2N H\u00c0NG V\u00c0 T\u1ed4 CH\u1ee8C T\u00c0I CH\u00cdNH <\/h2>\t\t<\/div>\n\t\t\t\t<\/div>\n\t\t\t\t<div class=\"elementor-element elementor-element-9b6aae3 elementor-widget elementor-widget-text-editor\" data-id=\"9b6aae3\" data-element_type=\"widget\" data-widget_type=\"text-editor.default\">\n\t\t\t\t<div class=\"elementor-widget-container\">\n\t\t\t<style>\/*! elementor - v3.14.0 - 18-06-2023 *\/\n.elementor-widget-text-editor.elementor-drop-cap-view-stacked .elementor-drop-cap{background-color:#69727d;color:#fff}.elementor-widget-text-editor.elementor-drop-cap-view-framed .elementor-drop-cap{color:#69727d;border:3px solid;background-color:transparent}.elementor-widget-text-editor:not(.elementor-drop-cap-view-default) .elementor-drop-cap{margin-top:8px}.elementor-widget-text-editor:not(.elementor-drop-cap-view-default) .elementor-drop-cap-letter{width:1em;height:1em}.elementor-widget-text-editor .elementor-drop-cap{float:left;text-align:center;line-height:1;font-size:50px}.elementor-widget-text-editor .elementor-drop-cap-letter{display:inline-block}<\/style>\t\t\t\t<p>&#8211; <b>Chuy\u1ec3n \u0111\u1ed5i h\u1ec7 th\u1ed1ng ng\u00e2n h\u00e0ng l\u00f5i (Core banking)<\/b>: Core banking l\u00e0 h\u1ec7 th\u1ed1ng h\u1ea1t nh\u00e2n \u0111\u1ec3 hi\u1ec7n s\u1ee9c m\u1ea1nh c\u00f4ng ngh\u1ec7 c\u1ee7a ng\u00e2n h\u00e0ng. L\u00e0 \u0111i\u1ec1u c\u1ea7n \u0111\u1ec3 hi\u1ec7n \u0111\u1ea1i h\u00f3a ho\u1ea1t \u0111\u1ed9ng ng\u00e2n h\u00e0ng, m\u1edf ra kh\u1ea3 n\u0103ng x\u1eed l\u00fd \u0111a d\u1ecbch v\u1ee5 v\u1edbi c\u01a1 s\u1edf d\u1eef li\u1ec7u t\u1eadp trung. L\u00e0 h\u1ec7 th\u1ed1ng ph\u00e2n h\u1ec7 c\u00e1c nghi\u1ec7p v\u1ee5 c\u01a1 b\u1ea3n: ti\u1ec1n g\u1eedi, ti\u1ec1n vay, kh\u00e1ch h\u00e0ng\u2026 v\u00e0 ph\u00e1t tri\u1ec3n nhi\u1ec1u d\u1ecbch v\u1ee5, s\u1ea3n ph\u1ea9m v\u00e0 qu\u1ea3n l\u00fd n\u1ed9i b\u1ed9 ch\u1eb7t ch\u1ebd, hi\u1ec7u qu\u1ea3 h\u01a1n.<br \/>&#8211; <b>Qu\u1ea3n l\u00fd s\u1ed1 h\u00f3a<\/b>: chuy\u1ec3n \u0111\u1ed5i th\u00f4ng tin tr\u00ean gi\u1ea5y v\u00e0 c\u00e1c quy tr\u00ecnh th\u1ee7 c\u00f4ng th\u00e0nh d\u1eef li\u1ec7u \u0111i\u1ec7n t\u1eed gi\u00fap x\u00f3a b\u1ecf c\u00e1c kh\u00f3 kh\u0103n trong qu\u00e1 tr\u00ecnh l\u01b0u tr\u1eef v\u00e0 x\u1eed l\u00fd kh\u1ed1i l\u01b0\u1ee3ng th\u00f4ng tin l\u1edbn. T\u1ef1 \u0111\u1ed9ng h\u00f3a quy trinh nghi\u1ec7p v\u1ee5, qu\u1ea3n l\u00fd t\u00e0i li\u1ec7u, h\u1ed3 s\u01a1 nhanh ch\u00f3ng, hi\u1ec7u qu\u1ea3 gi\u00fap hi\u1ec7u su\u1ea5t gia t\u0103ng, kh\u1ea3 n\u0103ng ki\u1ec3m so\u00e1t t\u1ed1t h\u01a1n v\u00e0 gi\u1ea3m thi\u1ec3u chi ph\u00ed.<\/p><p>&#8211; <b>Gi\u1ea3i ph\u00e1p t\u1ef1 \u0111\u1ed9ng h\u00f3a quy tr\u00ecnh<\/b>: Gi\u00fap t\u1ef1 \u0111\u1ed9ng h\u00f3a tr\u00ecnh t\u1ef1 h\u1ee3p l\u00fd trong s\u1eafp x\u1ebfp c\u00f4ng vi\u1ec7c nh\u1eb1m n\u00e2ng cao tr\u00e1ch nhi\u1ec7m trong c\u00f4ng vi\u1ec7c, gi\u1ea3m chi ph\u00ed v\u00e0 n\u00e2ng hi\u1ec7u su\u1ea5t, gi\u1ea3m r\u1ee7i ro, gi\u00fap l\u00e0m vi\u1ec7c m\u1ecdi l\u00fac m\u1ecdi n\u01a1i.<\/p><p><b>&#8211; Gi\u1ea3i ph\u00e1p ph\u00e2n t\u00edch d\u1eef li\u1ec7u ph\u1ee5c v\u1ee5 kinh doanh<\/b>: \u0110\u00f3ng vai tr\u00f2 quan tr\u1ecdng trong quy\u1ebft \u0111\u1ecbnh kinh doanh. Thu th\u1eadp v\u00e0 ph\u00e2n t\u00edch d\u1ef1 li\u1ec7u v\u00f4 c\u00f9ng c\u1ea7n thi\u1ebft. Ph\u00e2n t\u00edch d\u1eef li\u1ec7u c\u1ea3i thi\u1ec7n vi\u1ec7c ra quy\u1ebft \u0111\u1ecbnh b\u1eb1ng c\u00e1ch cho ph\u00e9p d\u1ef1 \u0111o\u00e1n c\u00e1c xu h\u01b0\u1edbng trong ng\u00e0nh c\u1ee7a m\u00ecnh ho\u1eb7c d\u1ef1 \u0111o\u00e1n kh\u00e1ch h\u00e0ng c\u1ee7a h\u1ecd s\u1ebd mu\u1ed1n g\u00ec ti\u1ebfp theo. Nh\u1eefng d\u1ef1 \u0111o\u00e1n n\u00e0y gi\u00fap c\u00e1c c\u00f4ng ty lu\u00f4n \u0111i \u0111\u1ea7u v\u00e0 duy tr\u00ec t\u00ednh c\u1ea1nh tranh.<\/p><p>&#8211; <b>Ph\u00e2n t\u00edch d\u1ef1 b\u00e1o<\/b>: Tr\u00edch ch\u1ecdn m\u1eabu th\u00f4ng tin t\u1eeb d\u1eef li\u1ec7u \u0111\u1ec3 ph\u00e1t hi\u1ec7n h\u00e0nh vi, th\u00f3i quen ch\u1ee7 th\u1ec3 t\u1eeb \u0111\u00f3 d\u1ef1 b\u00e1o v\u00e0 xu h\u01b0\u1edbng trong t\u01b0\u01a1ng lai c\u1ee7a \u0111\u1ed1i t\u01b0\u1ee3ng.<\/p><p>&#8211; <b>Gi\u1ea3i ph\u00e1p qu\u1ea3n l\u00fd r\u1ee7i ro t\u00edn d\u1ee5ng<\/b>: Qu\u1ea3n l\u00fd r\u1ee7i ro \u0111\u00f3ng vai tr\u00f2 quan tr\u1ecdng trong ho\u1ea1t \u0111\u1ed9ng kinh doanh. Gi\u1ea3i ph\u00e1p qu\u1ea3n l\u00fd r\u1ee7i ro giao d\u1ecbch b\u1eb1ng ph\u1ea7n m\u1ec1m gi\u00fap gi\u1ea3m thi\u1ec3u r\u1ee7i ro sai s\u00f3t, ki\u1ec3m so\u00e1t theo d\u00f5i ph\u00e1t hi\u1ec7n c\u00e1c s\u1ef1 c\u1ed1 gian l\u1eadn so v\u1edbi c\u00e1ch qu\u1ea3n l\u00fd th\u1ee7 c\u00f4ng.<\/p>\t\t\t\t\t\t<\/div>\n\t\t\t\t<\/div>\n\t\t\t\t<\/div>\n\t\t\t\t\t<\/div>\n\t\t\t\t<\/div>\n\t\t<div class=\"elementor-element elementor-element-daaf8c4 e-flex e-con-boxed e-con\" data-id=\"daaf8c4\" data-element_type=\"container\" data-settings=\"{&quot;background_background&quot;:&quot;classic&quot;,&quot;content_width&quot;:&quot;boxed&quot;}\">\n\t\t\t\t\t<div class=\"e-con-inner\">\n\t\t<div class=\"elementor-element elementor-element-ad5038c e-con-full e-flex e-con\" data-id=\"ad5038c\" data-element_type=\"container\" data-settings=\"{&quot;content_width&quot;:&quot;full&quot;}\">\n\t\t\t\t<div class=\"elementor-element elementor-element-0ca379f elementor-widget elementor-widget-heading\" data-id=\"0ca379f\" data-element_type=\"widget\" data-widget_type=\"heading.default\">\n\t\t\t\t<div class=\"elementor-widget-container\">\n\t\t\t<h2 class=\"elementor-heading-title elementor-size-default\">GI\u1ea2I PH\u00c1P CHO T\u1ed4 CH\u1ee8C NH\u00c0 N\u01af\u1edaC V\u00c0 DOANH NGHI\u1ec6P<\/h2>\t\t<\/div>\n\t\t\t\t<\/div>\n\t\t\t\t<div class=\"elementor-element elementor-element-713f6bf elementor-widget elementor-widget-text-editor\" data-id=\"713f6bf\" data-element_type=\"widget\" data-widget_type=\"text-editor.default\">\n\t\t\t\t<div class=\"elementor-widget-container\">\n\t\t\t\t\t\t\t<p>&#8211; <b>Qu\u1ea3n tr\u1ecb th\u00f4ng tin to\u00e0n di\u1ec7n<\/b>: l\u00e0 h\u1ec7 th\u1ed1ng qu\u1ea3n l\u00fd th\u00f4ng tin qu\u00e1 tr\u00ecnh ho\u1ea1t \u0111\u1ed9ng kinh doanh \u0111\u01b0\u1ee3c thi\u1ebft l\u1eadp theo m\u00e3 v\u1ee5 vi\u1ec7c, th\u00f4ng tin \u0111\u01b0\u1ee3c thi\u1ebft l\u1eadp khi b\u1eaft \u0111\u1ea7u ho\u1ea1t \u0111\u1ed9ng d\u1ecbch v\u1ee5 \u0111\u1ebfn khi ho\u00e0n th\u00e0nh d\u1ecbch v\u1ee5, b\u1ea3o h\u00e0nh, b\u1ea3o tr\u00ec. Qu\u1ea3n tr\u1ecb th\u00f4ng tin to\u00e0n di\u1ec7n \u0111\u01b0\u1ee3c \u1ee9ng d\u1ee5ng ph\u00e2n c\u1ea5p t\u1eeb nh\u00e2n vi\u00ean, c\u1ea5p qu\u1ea3n l\u00fd \u0111\u1ebfn c\u1ea5p l\u00e3nh \u0111\u1ea1o c\u1ea5p cao.<\/p><p>&#8211; <b>C\u1ed5ng giao ti\u1ebfp\/ giao d\u1ecbch \u0111i\u1ec7n t\u1eed:<\/b> \u0110\u01b0\u1ee3c thi\u1ebft k\u1ebf tr\u00ean n\u1ec1n t\u1ea3ng c\u00f4ng ngh\u1ec7 hi\u1ec7n \u0111\u1ea1i chuy\u00ean bi\u1ec7t theo l\u0129nh v\u1ef1c v\u00e0 theo nhu c\u1ea7u doanh nghi\u1ec7p\/ t\u1ed5 ch\u1ee9c tr\u00ean h\u1ec7 th\u1ed1ng th\u00f4ng tin website. Cho ph\u00e9p doanh nghi\u1ec7p duy tr\u00ec h\u1ec7 th\u1ed1ng th\u00f4ng tin tr\u00ean m\u1ea1ng internet hay intranet \u0111\u1ea7y \u0111\u1ee7 d\u1ecbch v\u1ee5 s\u1eb5n s\u00e0ng cho c\u1ed5ng th\u00f4ng tin \u0111i\u1ec7n t\u1eed.<br \/>&#8211; <b>Ph\u00e2n t\u00edch d\u1eef li\u1ec7u<\/b>: Ngu\u1ed3n d\u1eef li\u1ec7u \u0111\u01b0\u1ee3c t\u1ed5ng h\u1ee3p t\u1eeb nhi\u1ec1u ngu\u1ed3n kh\u00e1c nhau: d\u1eef li\u1ec7u c\u00f3 c\u1ea5u tr\u00fac v\u00e0 d\u1eef li\u1ec7u phi c\u1ea5u tr\u00fac t\u1eadp trung th\u00e0nh kho d\u1eef li\u1ec7u v\u00e0 \u0111\u01b0\u1ee3c s\u1eed d\u1ee5ng gi\u1ea3i ph\u00e1p chuy\u1ec3n \u0111\u1ed5i d\u1eef li\u1ec7u phi c\u1ea5u tr\u00fac \u0111\u1ed3ng b\u1ed9 d\u1ef1 li\u1ec7u c\u00f3 c\u1ea5u r\u00fac v\u00e0 d\u00f9ng c\u00f4ng c\u1ee5 ph\u00e2n t\u00edch \u0111\u1ec3 chuy\u1ec3n \u0111\u1ed5i th\u00e0nh k\u1ebft qu\u1ea3 b\u00e1o c\u00e1o nh\u1eb1m h\u1ed7 tr\u1ee3 cho c\u00f4ng t\u00e1c ra quy\u1ebft \u0111\u1ecbnh c\u1ee7a doanh nghi\u1ec7p.<br \/>&#8211; <b>Qu\u1ea3n l\u00fd quan h\u1ec7 kh\u00e1ch h\u00e0ng<\/b>: Qu\u1ea3n l\u00fd th\u00f4ng tin kh\u00e1ch h\u00e0ng, ch\u00ednh s\u00e1ch d\u1ecbch v\u1ee5 kh\u00e1ch h\u00e0ng, qu\u1ea3ng c\u00e1o, k\u1ebf ho\u1ea1ch kinh doanh, qu\u1ea3n l\u00fd quy tr\u00ecnh nh\u1eb1m m\u1ee5c ti\u00eau l\u00e0 c\u00f3 c\u00e1i nh\u00ecn to\u00e0n di\u1ec7n v\u1ec1 kh\u00e1ch h\u00e0ng, ch\u00ednh s\u00e1ch d\u1ecbch v\u1ee5 kh\u00e1ch h\u00e0ng \u0111ang s\u1eed d\u1ee5ng, k\u1ecbp th\u1eddi \u0111i\u1ec1u ch\u1ec9nh nh\u1eb1m ph\u1ee5c kh\u00e1ch h\u00e0ng t\u1ed1t h\u01a1n.<br \/>&#8211; <b>Qu\u1ea3n l\u00fd quy tr\u00ecnh nghi\u1ec7p v\u1ee5<\/b>: Gi\u1ea3i ph\u00e1p h\u1ed7 tr\u1ee3 qu\u1ea3n l\u00fd quy tr\u00ecnh nghi\u1ec7p v\u1ee5 x\u1eed l\u00fd h\u1ed3 s\u01a1 theo tr\u00ecnh t\u1ef1 quy tr\u00ecnh, ghi nh\u1eadn hi\u1ec7n tr\u1ea1ng h\u1ed3 s\u01a1 \u0111ang x\u1eed l\u00fd, c\u1ea3nh b\u00e1o h\u1ed3 s\u01a1 t\u1ed3n \u0111\u1ecdng t\u1ea1i ph\u00f2ng ban, b\u00e1o c\u00e1o k\u1ebft qu\u1ea3, hi\u1ec7u qu\u1ea3 ho\u00e0n th\u00e0nh. Gi\u1ea3i ph\u00e1p th\u1ef1c hi\u1ec7n qu\u1ea3n l\u00fd v\u0103n b\u1ea3n h\u1ed3 s\u01a1, v\u0103n b\u1ea3n, n\u1ed9i dung theo \u0111\u1ecbnh d\u1ea1ng.<\/p>\t\t\t\t\t\t<\/div>\n\t\t\t\t<\/div>\n\t\t\t\t<\/div>\n\t\t<div class=\"elementor-element elementor-element-b8e9480 e-con-full e-flex e-con\" data-id=\"b8e9480\" data-element_type=\"container\" data-settings=\"{&quot;content_width&quot;:&quot;full&quot;}\">\n\t\t\t\t<div class=\"elementor-element elementor-element-77da082 elementor-widget elementor-widget-image\" data-id=\"77da082\" data-element_type=\"widget\" data-widget_type=\"image.default\">\n\t\t\t\t<div class=\"elementor-widget-container\">\n\t\t\t\t\t\t\t\t\t\t\t\t\t\t\t<img loading=\"lazy\" decoding=\"async\" width=\"650\" height=\"406\" src=\"https:\/\/firstkey.vn\/wp-content\/uploads\/2023\/07\/digital123.jpg\" class=\"attachment-full size-full wp-image-3245\" alt=\"\" srcset=\"https:\/\/firstkey.vn\/wp-content\/uploads\/2023\/07\/digital123.jpg 650w, https:\/\/firstkey.vn\/wp-content\/uploads\/2023\/07\/digital123-300x187.jpg 300w, https:\/\/firstkey.vn\/wp-content\/uploads\/2023\/07\/digital123-18x12.jpg 18w\" sizes=\"auto, (max-width: 650px) 100vw, 650px\" \/>\t\t\t\t\t\t\t\t\t\t\t\t\t\t\t<\/div>\n\t\t\t\t<\/div>\n\t\t\t\t<\/div>\n\t\t\t\t\t<\/div>\n\t\t\t\t<\/div>\n\t\t\t\t\t\t\t<\/div>","protected":false},"excerpt":{"rendered":"<p>GI\u1ea2I PH\u00c1P CHO NG\u00c2N H\u00c0NG V\u00c0 T\u1ed4 CH\u1ee8C T\u00c0I CH\u00cdNH &#8211; Chuy\u1ec3n \u0111\u1ed5i h\u1ec7 th\u1ed1ng ng\u00e2n h\u00e0ng l\u00f5i (Core banking): Core banking l\u00e0 h\u1ec7 th\u1ed1ng h\u1ea1t nh\u00e2n \u0111\u1ec3 hi\u1ec7n s\u1ee9c m\u1ea1nh c\u00f4ng ngh\u1ec7 c\u1ee7a ng\u00e2n h\u00e0ng. L\u00e0 \u0111i\u1ec1u c\u1ea7n \u0111\u1ec3 hi\u1ec7n \u0111\u1ea1i h\u00f3a ho\u1ea1t \u0111\u1ed9ng ng\u00e2n h\u00e0ng, m\u1edf ra kh\u1ea3 n\u0103ng x\u1eed l\u00fd \u0111a d\u1ecbch [&hellip;]<\/p>","protected":false},"author":1,"featured_media":0,"parent":0,"menu_order":0,"comment_status":"closed","ping_status":"closed","template":"elementor_header_footer","meta":{"footnotes":""},"class_list":["post-3164","page","type-page","status-publish","hentry"],"acf":[],"yoast_head":"<!-- This site is optimized with the Yoast SEO Premium plugin v18.4 (Yoast SEO v18.6) - https:\/\/yoast.com\/wordpress\/plugins\/seo\/ -->\n<title>Gi\u1ea3i ph\u00e1p h\u1ec7 th\u1ed1ng CNTT - Firstkey<\/title>\n<meta name=\"robots\" content=\"index, follow, max-snippet:-1, max-image-preview:large, max-video-preview:-1\" \/>\n<link rel=\"canonical\" href=\"https:\/\/firstkey.vn\/en\/giai-phap-he-thong-cntt\/\" \/>\n<meta property=\"og:locale\" content=\"en_US\" \/>\n<meta property=\"og:type\" content=\"article\" \/>\n<meta property=\"og:title\" content=\"Gi\u1ea3i ph\u00e1p h\u1ec7 th\u1ed1ng CNTT\" \/>\n<meta property=\"og:description\" content=\"GI\u1ea2I PH\u00c1P CHO NG\u00c2N H\u00c0NG V\u00c0 T\u1ed4 CH\u1ee8C T\u00c0I CH\u00cdNH &#8211; Chuy\u1ec3n \u0111\u1ed5i h\u1ec7 th\u1ed1ng ng\u00e2n h\u00e0ng l\u00f5i (Core banking): Core banking l\u00e0 h\u1ec7 th\u1ed1ng h\u1ea1t nh\u00e2n \u0111\u1ec3 hi\u1ec7n s\u1ee9c m\u1ea1nh c\u00f4ng ngh\u1ec7 c\u1ee7a ng\u00e2n h\u00e0ng. L\u00e0 \u0111i\u1ec1u c\u1ea7n \u0111\u1ec3 hi\u1ec7n \u0111\u1ea1i h\u00f3a ho\u1ea1t \u0111\u1ed9ng ng\u00e2n h\u00e0ng, m\u1edf ra kh\u1ea3 n\u0103ng x\u1eed l\u00fd \u0111a d\u1ecbch [&hellip;]\" \/>\n<meta property=\"og:url\" content=\"https:\/\/firstkey.vn\/en\/giai-phap-he-thong-cntt\/\" \/>\n<meta property=\"og:site_name\" content=\"Firstkey\" \/>\n<meta property=\"article:modified_time\" content=\"2023-07-20T03:59:39+00:00\" \/>\n<meta property=\"og:image\" content=\"https:\/\/firstkey.vn\/wp-content\/uploads\/2023\/07\/finance123.jpg\" \/>\n<meta name=\"twitter:card\" content=\"summary_large_image\" \/>\n<meta name=\"twitter:label1\" content=\"Est. reading time\" \/>\n\t<meta name=\"twitter:data1\" content=\"6 minutes\" \/>\n<script type=\"application\/ld+json\" class=\"yoast-schema-graph\">{\"@context\":\"https:\/\/schema.org\",\"@graph\":[{\"@type\":\"WebSite\",\"@id\":\"https:\/\/firstkey.vn\/#website\",\"url\":\"https:\/\/firstkey.vn\/\",\"name\":\"Firstkey\",\"description\":\"\",\"potentialAction\":[{\"@type\":\"SearchAction\",\"target\":{\"@type\":\"EntryPoint\",\"urlTemplate\":\"https:\/\/firstkey.vn\/?s={search_term_string}\"},\"query-input\":\"required name=search_term_string\"}],\"inLanguage\":\"en-US\"},{\"@type\":\"ImageObject\",\"@id\":\"https:\/\/firstkey.vn\/giai-phap-he-thong-cntt\/#primaryimage\",\"inLanguage\":\"en-US\",\"url\":\"https:\/\/firstkey.vn\/wp-content\/uploads\/2023\/07\/finance123.jpg\",\"contentUrl\":\"https:\/\/firstkey.vn\/wp-content\/uploads\/2023\/07\/finance123.jpg\",\"width\":673,\"height\":450},{\"@type\":\"WebPage\",\"@id\":\"https:\/\/firstkey.vn\/giai-phap-he-thong-cntt\/#webpage\",\"url\":\"https:\/\/firstkey.vn\/giai-phap-he-thong-cntt\/\",\"name\":\"Gi\u1ea3i ph\u00e1p h\u1ec7 th\u1ed1ng CNTT - Firstkey\",\"isPartOf\":{\"@id\":\"https:\/\/firstkey.vn\/#website\"},\"primaryImageOfPage\":{\"@id\":\"https:\/\/firstkey.vn\/giai-phap-he-thong-cntt\/#primaryimage\"},\"datePublished\":\"2023-07-12T10:33:55+00:00\",\"dateModified\":\"2023-07-20T03:59:39+00:00\",\"breadcrumb\":{\"@id\":\"https:\/\/firstkey.vn\/giai-phap-he-thong-cntt\/#breadcrumb\"},\"inLanguage\":\"en-US\",\"potentialAction\":[{\"@type\":\"ReadAction\",\"target\":[\"https:\/\/firstkey.vn\/giai-phap-he-thong-cntt\/\"]}]},{\"@type\":\"BreadcrumbList\",\"@id\":\"https:\/\/firstkey.vn\/giai-phap-he-thong-cntt\/#breadcrumb\",\"itemListElement\":[{\"@type\":\"ListItem\",\"position\":1,\"name\":\"Trang ch\u1ee7\",\"item\":\"https:\/\/firstkey.vn\/\"},{\"@type\":\"ListItem\",\"position\":2,\"name\":\"Gi\u1ea3i ph\u00e1p h\u1ec7 th\u1ed1ng CNTT\"}]}]}<\/script>\n<!-- \/ Yoast SEO Premium plugin. -->","yoast_head_json":{"title":"Gi\u1ea3i ph\u00e1p h\u1ec7 th\u1ed1ng CNTT - Firstkey","robots":{"index":"index","follow":"follow","max-snippet":"max-snippet:-1","max-image-preview":"max-image-preview:large","max-video-preview":"max-video-preview:-1"},"canonical":"https:\/\/firstkey.vn\/en\/giai-phap-he-thong-cntt\/","og_locale":"en_US","og_type":"article","og_title":"Gi\u1ea3i ph\u00e1p h\u1ec7 th\u1ed1ng CNTT","og_description":"GI\u1ea2I PH\u00c1P CHO NG\u00c2N H\u00c0NG V\u00c0 T\u1ed4 CH\u1ee8C T\u00c0I CH\u00cdNH &#8211; Chuy\u1ec3n \u0111\u1ed5i h\u1ec7 th\u1ed1ng ng\u00e2n h\u00e0ng l\u00f5i (Core banking): Core banking l\u00e0 h\u1ec7 th\u1ed1ng h\u1ea1t nh\u00e2n \u0111\u1ec3 hi\u1ec7n s\u1ee9c m\u1ea1nh c\u00f4ng ngh\u1ec7 c\u1ee7a ng\u00e2n h\u00e0ng. L\u00e0 \u0111i\u1ec1u c\u1ea7n \u0111\u1ec3 hi\u1ec7n \u0111\u1ea1i h\u00f3a ho\u1ea1t \u0111\u1ed9ng ng\u00e2n h\u00e0ng, m\u1edf ra kh\u1ea3 n\u0103ng x\u1eed l\u00fd \u0111a d\u1ecbch [&hellip;]","og_url":"https:\/\/firstkey.vn\/en\/giai-phap-he-thong-cntt\/","og_site_name":"Firstkey","article_modified_time":"2023-07-20T03:59:39+00:00","og_image":[{"url":"https:\/\/firstkey.vn\/wp-content\/uploads\/2023\/07\/finance123.jpg"}],"twitter_card":"summary_large_image","twitter_misc":{"Est. reading time":"6 minutes"},"schema":{"@context":"https:\/\/schema.org","@graph":[{"@type":"WebSite","@id":"https:\/\/firstkey.vn\/#website","url":"https:\/\/firstkey.vn\/","name":"Firstkey","description":"","potentialAction":[{"@type":"SearchAction","target":{"@type":"EntryPoint","urlTemplate":"https:\/\/firstkey.vn\/?s={search_term_string}"},"query-input":"required name=search_term_string"}],"inLanguage":"en-US"},{"@type":"ImageObject","@id":"https:\/\/firstkey.vn\/giai-phap-he-thong-cntt\/#primaryimage","inLanguage":"en-US","url":"https:\/\/firstkey.vn\/wp-content\/uploads\/2023\/07\/finance123.jpg","contentUrl":"https:\/\/firstkey.vn\/wp-content\/uploads\/2023\/07\/finance123.jpg","width":673,"height":450},{"@type":"WebPage","@id":"https:\/\/firstkey.vn\/giai-phap-he-thong-cntt\/#webpage","url":"https:\/\/firstkey.vn\/giai-phap-he-thong-cntt\/","name":"Gi\u1ea3i ph\u00e1p h\u1ec7 th\u1ed1ng CNTT - Firstkey","isPartOf":{"@id":"https:\/\/firstkey.vn\/#website"},"primaryImageOfPage":{"@id":"https:\/\/firstkey.vn\/giai-phap-he-thong-cntt\/#primaryimage"},"datePublished":"2023-07-12T10:33:55+00:00","dateModified":"2023-07-20T03:59:39+00:00","breadcrumb":{"@id":"https:\/\/firstkey.vn\/giai-phap-he-thong-cntt\/#breadcrumb"},"inLanguage":"en-US","potentialAction":[{"@type":"ReadAction","target":["https:\/\/firstkey.vn\/giai-phap-he-thong-cntt\/"]}]},{"@type":"BreadcrumbList","@id":"https:\/\/firstkey.vn\/giai-phap-he-thong-cntt\/#breadcrumb","itemListElement":[{"@type":"ListItem","position":1,"name":"Trang ch\u1ee7","item":"https:\/\/firstkey.vn\/"},{"@type":"ListItem","position":2,"name":"Gi\u1ea3i ph\u00e1p h\u1ec7 th\u1ed1ng CNTT"}]}]}},"_links":{"self":[{"href":"https:\/\/firstkey.vn\/en\/wp-json\/wp\/v2\/pages\/3164","targetHints":{"allow":["GET"]}}],"collection":[{"href":"https:\/\/firstkey.vn\/en\/wp-json\/wp\/v2\/pages"}],"about":[{"href":"https:\/\/firstkey.vn\/en\/wp-json\/wp\/v2\/types\/page"}],"author":[{"embeddable":true,"href":"https:\/\/firstkey.vn\/en\/wp-json\/wp\/v2\/users\/1"}],"replies":[{"embeddable":true,"href":"https:\/\/firstkey.vn\/en\/wp-json\/wp\/v2\/comments?post=3164"}],"version-history":[{"count":16,"href":"https:\/\/firstkey.vn\/en\/wp-json\/wp\/v2\/pages\/3164\/revisions"}],"predecessor-version":[{"id":3248,"href":"https:\/\/firstkey.vn\/en\/wp-json\/wp\/v2\/pages\/3164\/revisions\/3248"}],"wp:attachment":[{"href":"https:\/\/firstkey.vn\/en\/wp-json\/wp\/v2\/media?parent=3164"}],"curies":[{"name":"wp","href":"https:\/\/api.w.org\/{rel}","templated":true}]}}